{"id":1840,"date":"2024-02-29T20:30:54","date_gmt":"2024-02-29T12:30:54","guid":{"rendered":"https:\/\/www.meltextruder.com\/?page_id=1840"},"modified":"2025-09-01T14:44:16","modified_gmt":"2025-09-01T06:44:16","slug":"lab-blown-film-extrusion-line","status":"publish","type":"page","link":"https:\/\/www.meltextruder.com\/fr\/products\/lab-blown-film-extrusion-line","title":{"rendered":"Ligne d'extrusion de film souffl\u00e9 en laboratoire"},"content":{"rendered":"<div data-elementor-type=\"wp-page\" data-elementor-id=\"1840\" class=\"elementor elementor-1840\" data-elementor-post-type=\"page\">\n\t\t\t\t<div class=\"elementor-element elementor-element-1f2d3118 e-flex e-con-boxed e-con e-parent\" data-id=\"1f2d3118\" data-element_type=\"container\">\n\t\t\t\t\t<div class=\"e-con-inner\">\n\t\t<div class=\"elementor-element elementor-element-13764d02 e-con-full e-flex e-con e-child\" data-id=\"13764d02\" data-element_type=\"container\">\n\t\t\t\t<div class=\"elementor-element elementor-element-3909f501 elementor-widget elementor-widget-image\" data-id=\"3909f501\" data-element_type=\"widget\" data-widget_type=\"image.default\">\n\t\t\t\t<div class=\"elementor-widget-container\">\n\t\t\t\t\t\t\t\t\t\t\t\t\t\t\t<img fetchpriority=\"high\" decoding=\"async\" width=\"750\" height=\"521\" src=\"https:\/\/www.meltextruder.com\/wp-content\/uploads\/2024\/03\/blown-film-extrusion7501.jpg\" class=\"attachment-large size-large wp-image-2181\" alt=\"blown-film-extrusion\" srcset=\"https:\/\/www.meltextruder.com\/wp-content\/uploads\/2024\/03\/blown-film-extrusion7501.jpg 750w, https:\/\/www.meltextruder.com\/wp-content\/uploads\/2024\/03\/blown-film-extrusion7501-300x208.jpg 300w\" sizes=\"(max-width: 750px) 100vw, 750px\" \/>\t\t\t\t\t\t\t\t\t\t\t\t\t\t\t<\/div>\n\t\t\t\t<\/div>\n\t\t\t\t<\/div>\n\t\t<div class=\"elementor-element elementor-element-2f2e5fa1 e-con-full e-flex e-con e-child\" data-id=\"2f2e5fa1\" data-element_type=\"container\">\n\t\t\t\t<div class=\"elementor-element elementor-element-558f5cb8 elementor-widget elementor-widget-heading\" data-id=\"558f5cb8\" data-element_type=\"widget\" data-widget_type=\"heading.default\">\n\t\t\t\t<div class=\"elementor-widget-container\">\n\t\t\t\t\t<h2 class=\"elementor-heading-title elementor-size-default\">Extrusion de film souffl\u00e9 en laboratoire<\/h2>\t\t\t\t<\/div>\n\t\t\t\t<\/div>\n\t\t\t\t<div class=\"elementor-element elementor-element-4168c82d elementor-widget elementor-widget-text-editor\" data-id=\"4168c82d\" data-element_type=\"widget\" data-widget_type=\"text-editor.default\">\n\t\t\t\t<div class=\"elementor-widget-container\">\n\t\t\t\t\t\t\t\t\t<p>La ligne d'extrusion de film souffl\u00e9 de laboratoire est compos\u00e9e d'une extrudeuse \u00e0 vis unique et d'une fili\u00e8re de film souffl\u00e9. Son principe de conception consiste \u00e0 extruder de la r\u00e9sine plastique fondue \u00e0 travers un moule circulaire, \u00e0 le remplir d'air, puis \u00e0 le refroidir et \u00e0 l'aplatir en un film pour produire des films plastiques.<\/p><p>Les lignes d'extrusion de film souffl\u00e9 de bureau sont couramment utilis\u00e9es dans les laboratoires de recherche, les installations de production \u00e0 petite \u00e9chelle ou les \u00e9tablissements d'enseignement o\u00f9 l'espace est limit\u00e9 et o\u00f9 des lots de films plus petits sont n\u00e9cessaires. Elles offrent polyvalence et flexibilit\u00e9 pour exp\u00e9rimenter diff\u00e9rents types de r\u00e9sines plastiques et produire divers types de films pour l'emballage, l'agriculture ou d'autres applications.<\/p>\t\t\t\t\t\t\t\t<\/div>\n\t\t\t\t<\/div>\n\t\t\t\t<\/div>\n\t\t\t\t\t<\/div>\n\t\t\t\t<\/div>\n\t\t<div class=\"elementor-element elementor-element-1db20405 e-flex e-con-boxed e-con e-parent\" data-id=\"1db20405\" data-element_type=\"container\">\n\t\t\t\t\t<div class=\"e-con-inner\">\n\t\t\t\t<div class=\"elementor-element elementor-element-460ac74b elementor-widget elementor-widget-heading\" data-id=\"460ac74b\" data-element_type=\"widget\" data-widget_type=\"heading.default\">\n\t\t\t\t<div class=\"elementor-widget-container\">\n\t\t\t\t\t<h3 class=\"elementor-heading-title elementor-size-default\">Fonctions et caract\u00e9ristiques<\/h3>\t\t\t\t<\/div>\n\t\t\t\t<\/div>\n\t\t\t\t<div class=\"elementor-element elementor-element-5e1512e8 elementor-widget elementor-widget-text-editor\" data-id=\"5e1512e8\" data-element_type=\"widget\" data-widget_type=\"text-editor.default\">\n\t\t\t\t<div class=\"elementor-widget-container\">\n\t\t\t\t\t\t\t\t\t<ul><li>L'adoption d'un moteur de marque internationale pour l'extrudeuse rend la plastification stable et constante.<\/li><li>L'utilisation d'un capteur de pression et de temp\u00e9rature de fusion de marque permet de garantir un haut niveau de qualit\u00e9.<\/li><li>L'\u00e9cran tactile TFT SIEMENS et le syst\u00e8me de contr\u00f4le PLC SIEMENS sont tr\u00e8s intelligents et faciles \u00e0 utiliser.<\/li><li>Double protection des machines et des appareils \u00e9lectriques.<\/li><li>Stockage des ordonnances.<\/li><\/ul>\t\t\t\t\t\t\t\t<\/div>\n\t\t\t\t<\/div>\n\t\t\t\t<div class=\"elementor-element elementor-element-c42de2e elementor-widget elementor-widget-heading\" data-id=\"c42de2e\" data-element_type=\"widget\" data-widget_type=\"heading.default\">\n\t\t\t\t<div class=\"elementor-widget-container\">\n\t\t\t\t\t<h3 class=\"elementor-heading-title elementor-size-default\">Sp\u00e9cifications<\/h3>\t\t\t\t<\/div>\n\t\t\t\t<\/div>\n\t\t\t\t<div class=\"elementor-element elementor-element-d664a5e elementor-widget elementor-widget-text-editor\" data-id=\"d664a5e\" data-element_type=\"widget\" data-widget_type=\"text-editor.default\">\n\t\t\t\t<div class=\"elementor-widget-container\">\n\t\t\t\t\t\t\t\t\t<table width=\"626\"><tbody><tr><td width=\"220\">Mod\u00e8le<\/td><td width=\"148\">HTBS-20<\/td><td width=\"135\">HTBS-25<\/td><td width=\"123\">HTBS-30<\/td><\/tr><tr><td>Diam\u00e8tre de la vis (mm)<\/td><td>20<\/td><td>25<\/td><td>20<\/td><\/tr><tr><td>Rapport L\/D<\/td><td>28<\/td><td>28<\/td><td>28<\/td><\/tr><tr><td>Puissance du moteur (kW)<\/td><td>3<\/td><td>4<\/td><td>5.5<\/td><\/tr><tr><td>Vitesse max. Vitesse (tr\/min)<\/td><td>120<\/td><td>120<\/td><td>120<\/td><\/tr><tr><td>M\u00e9thode de chauffage\/refroidissement<\/td><td>Chauffage \u00e9lectrique\/ Refroidissement de l'air<\/td><td>Chauffage \u00e9lectrique\/ Refroidissement de l'air<\/td><td>Chauffage \u00e9lectrique\/ Refroidissement de l'air<\/td><\/tr><tr><td>Temp\u00e9rature maximale (\u2103)<\/td><td>350<\/td><td>350<\/td><td>350<\/td><\/tr><tr><td>Temp. Pr\u00e9cision du contr\u00f4le (\u2103)<\/td><td>\u00b11<\/td><td>\u00b11<\/td><td>\u00b11<\/td><\/tr><tr><td>Plage de mesure de la pression (Mpa)<\/td><td>0~35<\/td><td>0~35<\/td><td>0~35<\/td><\/tr><tr><td>Max. Largeur de l'entr\u00e9e du film<\/td><td>160 mm<\/td><td>200mm<\/td><td>200mn<\/td><\/tr><tr><td>Production (kg\/h)<\/td><td>0.5~ 3<\/td><td>0.5~3<\/td><td>0.5 3<\/td><\/tr><tr><td>Poids (kg)<\/td><td>503<\/td><td>550<\/td><td>630<\/td><\/tr><tr><td>Dimension (mm)<\/td><td>2980x944x2630<\/td><td>2980x944x2630<\/td><td>2980x944x2630<\/td><\/tr><\/tbody><\/table>\t\t\t\t\t\t\t\t<\/div>\n\t\t\t\t<\/div>\n\t\t\t\t\t<\/div>\n\t\t\t\t<\/div>\n\t\t\t\t<\/div>","protected":false},"excerpt":{"rendered":"<p>Lab Blown Film Extrusion The lab blown film extrusion line is composed of a single screw extruder, blown film die. Its design principle is to extrude molten plastic resin through a circular mold, fill it with air, and then cool and flatten it into a film to produce plastic films. Desktop blown film extrusion lines [&hellip;]<\/p>\n","protected":false},"author":1,"featured_media":1842,"parent":1677,"menu_order":0,"comment_status":"closed","ping_status":"closed","template":"","meta":{"site-sidebar-layout":"no-sidebar","site-content-layout":"page-builder","ast-site-content-layout":"full-width-container","site-content-style":"default","site-sidebar-style":"default","ast-global-header-display":"","ast-banner-title-visibility":"","ast-main-header-display":"","ast-hfb-above-header-display":"","ast-hfb-below-header-display":"","ast-hfb-mobile-header-display":"","site-post-title":"disabled","ast-breadcrumbs-content":"","ast-featured-img":"disabled","footer-sml-layout":"","theme-transparent-header-meta":"","adv-header-id-meta":"","stick-header-meta":"","header-above-stick-meta":"","header-main-stick-meta":"","header-below-stick-meta":"","astra-migrate-meta-layouts":"set","ast-page-background-enabled":"default","ast-page-background-meta":{"desktop":{"background-color":"var(--ast-global-color-4)","background-image":"","background-repeat":"repeat","background-position":"center center","background-size":"auto","background-attachment":"scroll","background-type":"","background-media":"","overlay-type":"","overlay-color":"","overlay-gradient":""},"tablet":{"background-color":"","background-image":"","background-repeat":"repeat","background-position":"center center","background-size":"auto","background-attachment":"scroll","background-type":"","background-media":"","overlay-type":"","overlay-color":"","overlay-gradient":""},"mobile":{"background-color":"","background-image":"","background-repeat":"repeat","background-position":"center center","background-size":"auto","background-attachment":"scroll","background-type":"","background-media":"","overlay-type":"","overlay-color":"","overlay-gradient":""}},"ast-content-background-meta":{"desktop":{"background-color":"var(--ast-global-color-5)","background-image":"","background-repeat":"repeat","background-position":"center center","background-size":"auto","background-attachment":"scroll","background-type":"","background-media":"","overlay-type":"","overlay-color":"","overlay-gradient":""},"tablet":{"background-color":"var(--ast-global-color-5)","background-image":"","background-repeat":"repeat","background-position":"center center","background-size":"auto","background-attachment":"scroll","background-type":"","background-media":"","overlay-type":"","overlay-color":"","overlay-gradient":""},"mobile":{"background-color":"var(--ast-global-color-5)","background-image":"","background-repeat":"repeat","background-position":"center center","background-size":"auto","background-attachment":"scroll","background-type":"","background-media":"","overlay-type":"","overlay-color":"","overlay-gradient":""}},"footnotes":""},"class_list":["post-1840","page","type-page","status-publish","has-post-thumbnail","hentry"],"_links":{"self":[{"href":"https:\/\/www.meltextruder.com\/fr\/wp-json\/wp\/v2\/pages\/1840","targetHints":{"allow":["GET"]}}],"collection":[{"href":"https:\/\/www.meltextruder.com\/fr\/wp-json\/wp\/v2\/pages"}],"about":[{"href":"https:\/\/www.meltextruder.com\/fr\/wp-json\/wp\/v2\/types\/page"}],"author":[{"embeddable":true,"href":"https:\/\/www.meltextruder.com\/fr\/wp-json\/wp\/v2\/users\/1"}],"replies":[{"embeddable":true,"href":"https:\/\/www.meltextruder.com\/fr\/wp-json\/wp\/v2\/comments?post=1840"}],"version-history":[{"count":15,"href":"https:\/\/www.meltextruder.com\/fr\/wp-json\/wp\/v2\/pages\/1840\/revisions"}],"predecessor-version":[{"id":2278,"href":"https:\/\/www.meltextruder.com\/fr\/wp-json\/wp\/v2\/pages\/1840\/revisions\/2278"}],"up":[{"embeddable":true,"href":"https:\/\/www.meltextruder.com\/fr\/wp-json\/wp\/v2\/pages\/1677"}],"wp:featuredmedia":[{"embeddable":true,"href":"https:\/\/www.meltextruder.com\/fr\/wp-json\/wp\/v2\/media\/1842"}],"wp:attachment":[{"href":"https:\/\/www.meltextruder.com\/fr\/wp-json\/wp\/v2\/media?parent=1840"}],"curies":[{"name":"wp","href":"https:\/\/api.w.org\/{rel}","templated":true}]}}