{"id":1834,"date":"2024-03-03T19:44:55","date_gmt":"2024-03-03T11:44:55","guid":{"rendered":"https:\/\/www.meltextruder.com\/?page_id=1834"},"modified":"2024-03-27T16:18:27","modified_gmt":"2024-03-27T08:18:27","slug":"desktop-pelletizing-extrusion-line","status":"publish","type":"page","link":"https:\/\/www.meltextruder.com\/fr\/products\/desktop-pelletizing-extrusion-line","title":{"rendered":"Ligne d'extrusion de granulation de bureau"},"content":{"rendered":"<div data-elementor-type=\"wp-page\" data-elementor-id=\"1834\" class=\"elementor elementor-1834\" data-elementor-post-type=\"page\">\n\t\t\t\t<div class=\"elementor-element elementor-element-7238a150 e-flex e-con-boxed e-con e-parent\" data-id=\"7238a150\" data-element_type=\"container\">\n\t\t\t\t\t<div class=\"e-con-inner\">\n\t\t<div class=\"elementor-element elementor-element-7d900a4a e-con-full e-flex e-con e-child\" data-id=\"7d900a4a\" data-element_type=\"container\">\n\t\t\t\t<div class=\"elementor-element elementor-element-1f2afcf7 elementor-widget elementor-widget-image\" data-id=\"1f2afcf7\" data-element_type=\"widget\" data-widget_type=\"image.default\">\n\t\t\t\t<div class=\"elementor-widget-container\">\n\t\t\t\t\t\t\t\t\t\t\t\t\t\t\t<img fetchpriority=\"high\" decoding=\"async\" width=\"750\" height=\"500\" src=\"https:\/\/www.meltextruder.com\/wp-content\/uploads\/2024\/03\/Pelletizing-Extrusion-Line750.jpg\" class=\"attachment-large size-large wp-image-1836\" alt=\"Pelletizing-Extrusion-Line\" srcset=\"https:\/\/www.meltextruder.com\/wp-content\/uploads\/2024\/03\/Pelletizing-Extrusion-Line750.jpg 750w, https:\/\/www.meltextruder.com\/wp-content\/uploads\/2024\/03\/Pelletizing-Extrusion-Line750-300x200.jpg 300w\" sizes=\"(max-width: 750px) 100vw, 750px\" \/>\t\t\t\t\t\t\t\t\t\t\t\t\t\t\t<\/div>\n\t\t\t\t<\/div>\n\t\t\t\t<\/div>\n\t\t<div class=\"elementor-element elementor-element-247b0201 e-con-full e-flex e-con e-child\" data-id=\"247b0201\" data-element_type=\"container\">\n\t\t\t\t<div class=\"elementor-element elementor-element-5fd68830 elementor-widget elementor-widget-heading\" data-id=\"5fd68830\" data-element_type=\"widget\" data-widget_type=\"heading.default\">\n\t\t\t\t<div class=\"elementor-widget-container\">\n\t\t\t\t\t<h2 class=\"elementor-heading-title elementor-size-default\">Ligne d'extrusion de granulation de bureau<\/h2>\t\t\t\t<\/div>\n\t\t\t\t<\/div>\n\t\t\t\t<div class=\"elementor-element elementor-element-2eff8bfc elementor-widget elementor-widget-text-editor\" data-id=\"2eff8bfc\" data-element_type=\"widget\" data-widget_type=\"text-editor.default\">\n\t\t\t\t<div class=\"elementor-widget-container\">\n\t\t\t\t\t\t\t\t\t<p>Une ligne d'extrusion et de granulation de bureau est compos\u00e9e d'une extrudeuse \u00e0 vis unique, d'un r\u00e9servoir d'eau et d'un granulateur. Il s'agit d'une machine compacte et souvent portable utilis\u00e9e dans l'industrie plastique pour convertir les mati\u00e8res plastiques en granul\u00e9s. Elle est con\u00e7ue pour offrir des capacit\u00e9s de production de granul\u00e9s \u00e0 plus petite \u00e9chelle que les lignes d'extrusion de granulation industrielles de plus grande taille.<\/p><p>Les petites lignes d'extrusion de granulation sont souvent utilis\u00e9es dans les laboratoires de recherche, les installations de production \u00e0 petite \u00e9chelle ou les \u00e9tablissements d'enseignement o\u00f9 l'espace est limit\u00e9 et o\u00f9 des lots de granul\u00e9s plus petits sont n\u00e9cessaires.\u00a0<\/p>\t\t\t\t\t\t\t\t<\/div>\n\t\t\t\t<\/div>\n\t\t\t\t<\/div>\n\t\t\t\t\t<\/div>\n\t\t\t\t<\/div>\n\t\t<div class=\"elementor-element elementor-element-2151a8fa e-flex e-con-boxed e-con e-parent\" data-id=\"2151a8fa\" data-element_type=\"container\">\n\t\t\t\t\t<div class=\"e-con-inner\">\n\t\t\t\t<div class=\"elementor-element elementor-element-5c71c6b0 elementor-widget elementor-widget-heading\" data-id=\"5c71c6b0\" data-element_type=\"widget\" data-widget_type=\"heading.default\">\n\t\t\t\t<div class=\"elementor-widget-container\">\n\t\t\t\t\t<h3 class=\"elementor-heading-title elementor-size-default\">Fonctions et caract\u00e9ristiques<\/h3>\t\t\t\t<\/div>\n\t\t\t\t<\/div>\n\t\t\t\t<div class=\"elementor-element elementor-element-5db2a61b elementor-widget elementor-widget-text-editor\" data-id=\"5db2a61b\" data-element_type=\"widget\" data-widget_type=\"text-editor.default\">\n\t\t\t\t<div class=\"elementor-widget-container\">\n\t\t\t\t\t\t\t\t\t<ul><li>L'adoption d'un moteur de marque internationale pour l'extrudeuse rend la plastification stable et constante.<\/li><li>L'utilisation d'un capteur de pression et de temp\u00e9rature de marque fondue permet d'obtenir des donn\u00e9es d'une grande pr\u00e9cision.<\/li><li>L'\u00e9cran tactile TFT SIEMENS et le syst\u00e8me de contr\u00f4le PLC SIEMENS sont tr\u00e8s intelligents et faciles \u00e0 utiliser.<\/li><li>Double protection des machines et des appareils \u00e9lectriques.<\/li><li>Stockage des ordonnances.<\/li><\/ul>\t\t\t\t\t\t\t\t<\/div>\n\t\t\t\t<\/div>\n\t\t\t\t<div class=\"elementor-element elementor-element-6b3072bb elementor-widget elementor-widget-heading\" data-id=\"6b3072bb\" data-element_type=\"widget\" data-widget_type=\"heading.default\">\n\t\t\t\t<div class=\"elementor-widget-container\">\n\t\t\t\t\t<h3 class=\"elementor-heading-title elementor-size-default\">Sp\u00e9cifications<\/h3>\t\t\t\t<\/div>\n\t\t\t\t<\/div>\n\t\t\t\t<div class=\"elementor-element elementor-element-549e8b28 elementor-widget elementor-widget-text-editor\" data-id=\"549e8b28\" data-element_type=\"widget\" data-widget_type=\"text-editor.default\">\n\t\t\t\t<div class=\"elementor-widget-container\">\n\t\t\t\t\t\t\t\t\t<table width=\"525\"><tbody><tr><td width=\"249\"><p><strong>Num\u00e9ro d'article<\/strong><\/p><\/td><td width=\"276\"><p><strong>MP19<\/strong><\/p><\/td><\/tr><tr><td><p><strong>Diam\u00e8tre de la vis<\/strong><\/p><\/td><td width=\"276\"><p><strong>19 mm<\/strong><\/p><\/td><\/tr><tr><td><p><strong>L\/D<\/strong><\/p><\/td><td width=\"276\"><p><strong>25\/1<\/strong><\/p><\/td><\/tr><tr><td><p><strong>Puissance du moteur<\/strong><\/p><\/td><td width=\"276\"><p><strong>1,5 kW<\/strong><\/p><\/td><\/tr><tr><td><p><strong>Sortie<\/strong><\/p><\/td><td width=\"276\"><p><strong>0,2~2kg\/h<\/strong><\/p><\/td><\/tr><tr><td><p><strong>Diam\u00e8tre de la matrice<\/strong><\/p><\/td><td width=\"276\"><p><strong>3,5 mm<\/strong><\/p><\/td><\/tr><tr><td><p><strong>Diam\u00e8tre du filament<\/strong><\/p><\/td><td width=\"276\"><p><strong>1~2mm<\/strong><\/p><\/td><\/tr><tr><td><p><strong>Temp. max. Temp\u00e9ratures (<\/strong><strong>\u2103)<\/strong><\/p><\/td><td width=\"276\"><p><strong>350<\/strong><\/p><\/td><\/tr><tr><td><p><strong>Pr\u00e9cision du contr\u00f4le de la temp\u00e9rature (<\/strong><strong>\u2103)<\/strong><\/p><\/td><td width=\"276\"><p><strong>\u00b11<\/strong><\/p><\/td><\/tr><tr><td><p><strong>Dimension (mm)<\/strong><\/p><\/td><td width=\"276\"><p><strong>2330<\/strong><strong>\u00d7465\u00d7570mm<\/strong><\/p><\/td><\/tr><\/tbody><\/table>\t\t\t\t\t\t\t\t<\/div>\n\t\t\t\t<\/div>\n\t\t\t\t\t<\/div>\n\t\t\t\t<\/div>\n\t\t\t\t<\/div>","protected":false},"excerpt":{"rendered":"<p>Desktop Pelletizing Extrusion Line A Desktop Pelletizing Extrusion Line is composed of single screw extruder, water tank, and pelletizer. It is compact and often portable machine used in the plastic industry for converting plastic materials into pellets. It&#8217;s designed to offer smaller-scale pellet production capabilities compared to larger industrial pelletizing extrusion lines. Small pelletizing extrusion [&hellip;]<\/p>\n","protected":false},"author":1,"featured_media":1836,"parent":1677,"menu_order":0,"comment_status":"closed","ping_status":"closed","template":"","meta":{"site-sidebar-layout":"no-sidebar","site-content-layout":"page-builder","ast-site-content-layout":"full-width-container","site-content-style":"default","site-sidebar-style":"default","ast-global-header-display":"","ast-banner-title-visibility":"","ast-main-header-display":"","ast-hfb-above-header-display":"","ast-hfb-below-header-display":"","ast-hfb-mobile-header-display":"","site-post-title":"disabled","ast-breadcrumbs-content":"","ast-featured-img":"disabled","footer-sml-layout":"","theme-transparent-header-meta":"","adv-header-id-meta":"","stick-header-meta":"","header-above-stick-meta":"","header-main-stick-meta":"","header-below-stick-meta":"","astra-migrate-meta-layouts":"set","ast-page-background-enabled":"default","ast-page-background-meta":{"desktop":{"background-color":"var(--ast-global-color-4)","background-image":"","background-repeat":"repeat","background-position":"center center","background-size":"auto","background-attachment":"scroll","background-type":"","background-media":"","overlay-type":"","overlay-color":"","overlay-gradient":""},"tablet":{"background-color":"","background-image":"","background-repeat":"repeat","background-position":"center center","background-size":"auto","background-attachment":"scroll","background-type":"","background-media":"","overlay-type":"","overlay-color":"","overlay-gradient":""},"mobile":{"background-color":"","background-image":"","background-repeat":"repeat","background-position":"center center","background-size":"auto","background-attachment":"scroll","background-type":"","background-media":"","overlay-type":"","overlay-color":"","overlay-gradient":""}},"ast-content-background-meta":{"desktop":{"background-color":"var(--ast-global-color-5)","background-image":"","background-repeat":"repeat","background-position":"center center","background-size":"auto","background-attachment":"scroll","background-type":"","background-media":"","overlay-type":"","overlay-color":"","overlay-gradient":""},"tablet":{"background-color":"var(--ast-global-color-5)","background-image":"","background-repeat":"repeat","background-position":"center center","background-size":"auto","background-attachment":"scroll","background-type":"","background-media":"","overlay-type":"","overlay-color":"","overlay-gradient":""},"mobile":{"background-color":"var(--ast-global-color-5)","background-image":"","background-repeat":"repeat","background-position":"center center","background-size":"auto","background-attachment":"scroll","background-type":"","background-media":"","overlay-type":"","overlay-color":"","overlay-gradient":""}},"footnotes":""},"class_list":["post-1834","page","type-page","status-publish","has-post-thumbnail","hentry"],"_links":{"self":[{"href":"https:\/\/www.meltextruder.com\/fr\/wp-json\/wp\/v2\/pages\/1834","targetHints":{"allow":["GET"]}}],"collection":[{"href":"https:\/\/www.meltextruder.com\/fr\/wp-json\/wp\/v2\/pages"}],"about":[{"href":"https:\/\/www.meltextruder.com\/fr\/wp-json\/wp\/v2\/types\/page"}],"author":[{"embeddable":true,"href":"https:\/\/www.meltextruder.com\/fr\/wp-json\/wp\/v2\/users\/1"}],"replies":[{"embeddable":true,"href":"https:\/\/www.meltextruder.com\/fr\/wp-json\/wp\/v2\/comments?post=1834"}],"version-history":[{"count":13,"href":"https:\/\/www.meltextruder.com\/fr\/wp-json\/wp\/v2\/pages\/1834\/revisions"}],"predecessor-version":[{"id":1875,"href":"https:\/\/www.meltextruder.com\/fr\/wp-json\/wp\/v2\/pages\/1834\/revisions\/1875"}],"up":[{"embeddable":true,"href":"https:\/\/www.meltextruder.com\/fr\/wp-json\/wp\/v2\/pages\/1677"}],"wp:featuredmedia":[{"embeddable":true,"href":"https:\/\/www.meltextruder.com\/fr\/wp-json\/wp\/v2\/media\/1836"}],"wp:attachment":[{"href":"https:\/\/www.meltextruder.com\/fr\/wp-json\/wp\/v2\/media?parent=1834"}],"curies":[{"name":"wp","href":"https:\/\/api.w.org\/{rel}","templated":true}]}}