{"id":1857,"date":"2024-02-27T17:40:07","date_gmt":"2024-02-27T09:40:07","guid":{"rendered":"https:\/\/www.meltextruder.com\/?page_id=1857"},"modified":"2024-03-27T16:17:40","modified_gmt":"2024-03-27T08:17:40","slug":"lab-twin-screw-hot-melt-extrusion-line","status":"publish","type":"page","link":"https:\/\/www.meltextruder.com\/es\/products\/lab-twin-screw-hot-melt-extrusion-line","title":{"rendered":"L\u00ednea de extrusi\u00f3n en caliente de doble husillo para laboratorio"},"content":{"rendered":"<div data-elementor-type=\"wp-page\" data-elementor-id=\"1857\" class=\"elementor elementor-1857\" data-elementor-post-type=\"page\">\n\t\t\t\t<div class=\"elementor-element elementor-element-cd79ad7 e-flex e-con-boxed e-con e-parent\" data-id=\"cd79ad7\" data-element_type=\"container\">\n\t\t\t\t\t<div class=\"e-con-inner\">\n\t\t<div class=\"elementor-element elementor-element-588a56f7 e-con-full e-flex e-con e-child\" data-id=\"588a56f7\" data-element_type=\"container\">\n\t\t\t\t<div class=\"elementor-element elementor-element-27a49c1 elementor-widget elementor-widget-image\" data-id=\"27a49c1\" data-element_type=\"widget\" data-widget_type=\"image.default\">\n\t\t\t\t<div class=\"elementor-widget-container\">\n\t\t\t\t\t\t\t\t\t\t\t\t\t\t\t<img fetchpriority=\"high\" decoding=\"async\" width=\"750\" height=\"445\" src=\"https:\/\/www.meltextruder.com\/wp-content\/uploads\/2024\/03\/HTGD-12-twin-screw-lab750.jpg\" class=\"attachment-large size-large wp-image-1859\" alt=\"twin screw lab hot melt extrusion line\" srcset=\"https:\/\/www.meltextruder.com\/wp-content\/uploads\/2024\/03\/HTGD-12-twin-screw-lab750.jpg 750w, https:\/\/www.meltextruder.com\/wp-content\/uploads\/2024\/03\/HTGD-12-twin-screw-lab750-300x178.jpg 300w\" sizes=\"(max-width: 750px) 100vw, 750px\" \/>\t\t\t\t\t\t\t\t\t\t\t\t\t\t\t<\/div>\n\t\t\t\t<\/div>\n\t\t\t\t<\/div>\n\t\t<div class=\"elementor-element elementor-element-17156cf8 e-con-full e-flex e-con e-child\" data-id=\"17156cf8\" data-element_type=\"container\">\n\t\t\t\t<div class=\"elementor-element elementor-element-6de63591 elementor-widget elementor-widget-heading\" data-id=\"6de63591\" data-element_type=\"widget\" data-widget_type=\"heading.default\">\n\t\t\t\t<div class=\"elementor-widget-container\">\n\t\t\t\t\t<h2 class=\"elementor-heading-title elementor-size-default\">L\u00ednea de extrusi\u00f3n de fusi\u00f3n en caliente de doble husillo<\/h2>\t\t\t\t<\/div>\n\t\t\t\t<\/div>\n\t\t\t\t<div class=\"elementor-element elementor-element-7c299f0f elementor-widget elementor-widget-text-editor\" data-id=\"7c299f0f\" data-element_type=\"widget\" data-widget_type=\"text-editor.default\">\n\t\t\t\t<div class=\"elementor-widget-container\">\n\t\t\t\t\t\t\t\t\t<p>La l\u00ednea de extrusi\u00f3n de fusi\u00f3n en caliente de laboratorio HTGD-12 de doble tornillo se utiliza principalmente para la mezcla y composici\u00f3n en el procesamiento de pol\u00edmeros y se ha ampliado a otras aplicaciones para el desarrollo de nuevos materiales. Abre muchas posibilidades para su entorno de I+D y fabricaci\u00f3n, promoviendo un desarrollo de materiales r\u00e1pido y fiable en las industrias de pol\u00edmeros, alimentaria o farmac\u00e9utica.<\/p><p>Su dise\u00f1o modular permite un ajuste \u00f3ptimo de los tornillos para adaptarse a las necesidades de la aplicaci\u00f3n y del producto. Todas las piezas en contacto con el producto son de acero inoxidable, inocuo para el ser humano.<\/p>\t\t\t\t\t\t\t\t<\/div>\n\t\t\t\t<\/div>\n\t\t\t\t<\/div>\n\t\t\t\t\t<\/div>\n\t\t\t\t<\/div>\n\t\t<div class=\"elementor-element elementor-element-4f84f96f e-flex e-con-boxed e-con e-parent\" data-id=\"4f84f96f\" data-element_type=\"container\">\n\t\t\t\t\t<div class=\"e-con-inner\">\n\t\t\t\t<div class=\"elementor-element elementor-element-28bded0b elementor-widget elementor-widget-heading\" data-id=\"28bded0b\" data-element_type=\"widget\" data-widget_type=\"heading.default\">\n\t\t\t\t<div class=\"elementor-widget-container\">\n\t\t\t\t\t<h3 class=\"elementor-heading-title elementor-size-default\">Funciones y caracter\u00edsticas<\/h3>\t\t\t\t<\/div>\n\t\t\t\t<\/div>\n\t\t\t\t<div class=\"elementor-element elementor-element-6645a06d elementor-widget elementor-widget-text-editor\" data-id=\"6645a06d\" data-element_type=\"widget\" data-widget_type=\"text-editor.default\">\n\t\t\t\t<div class=\"elementor-widget-container\">\n\t\t\t\t\t\t\t\t\t<ol><li>Perfil de tornillo estrechamente engranado, muy f\u00e1cil de limpiar.<\/li><li>Sistema modular de bloques de construcci\u00f3n para elementos de atornillado.<\/li><li>Cada barrica tiene una zona de temperatura para un procesamiento \u00f3ptimo.<\/li><li>Elementos especiales de mezcla y cizallamiento con efectos variables para una gran flexibilidad del proceso.<\/li><li>El motor, la caja de cambios y la secci\u00f3n de procesamiento est\u00e1n montados en el mismo bastidor base.<\/li><li>Panel de control PLC de f\u00e1cil manejo.<\/li><\/ol>\t\t\t\t\t\t\t\t<\/div>\n\t\t\t\t<\/div>\n\t\t\t\t<div class=\"elementor-element elementor-element-67e5771f elementor-widget elementor-widget-heading\" data-id=\"67e5771f\" data-element_type=\"widget\" data-widget_type=\"heading.default\">\n\t\t\t\t<div class=\"elementor-widget-container\">\n\t\t\t\t\t<h3 class=\"elementor-heading-title elementor-size-default\">Especificaci\u00f3n<\/h3>\t\t\t\t<\/div>\n\t\t\t\t<\/div>\n\t\t\t\t<div class=\"elementor-element elementor-element-7373d283 elementor-widget elementor-widget-text-editor\" data-id=\"7373d283\" data-element_type=\"widget\" data-widget_type=\"text-editor.default\">\n\t\t\t\t<div class=\"elementor-widget-container\">\n\t\t\t\t\t\t\t\t\t<table width=\"633\"><tbody><tr><td width=\"113\"><p>Nombre<\/p><\/td><td width=\"180\"><p><strong>Contenido<\/strong><\/p><\/td><td width=\"340\"><p>Especificaci\u00f3n<\/p><\/td><\/tr><tr><td rowspan=\"10\" width=\"113\"><h3 class=\"elementor-heading-title elementor-size-default elementor-inline-editing pen\" style=\"font-style: normal; margin-bottom: 0px;\" data-elementor-setting-key=\"title\" data-pen-placeholder=\"Type Here...\">L\u00ednea de extrusi\u00f3n de Hot Melt<\/h3><\/td><td width=\"180\"><p>Aplicaci\u00f3n<\/p><\/td><td width=\"340\"><p>Alimentos, productos farmac\u00e9uticos, materiales compuestos, etc.<\/p><\/td><\/tr><tr><td width=\"180\"><p>Di\u00e1metro del tornillo<\/p><\/td><td width=\"340\"><p>11,8 mm<\/p><\/td><\/tr><tr><td width=\"180\"><p>Tornillo Relaci\u00f3n L\/D<\/p><\/td><td width=\"340\"><p>40\uff1a1<\/p><\/td><\/tr><tr><td width=\"180\"><p>Potencia del motor<\/p><\/td><td width=\"340\"><p>1kW<\/p><\/td><\/tr><tr><td width=\"180\"><p>Salida<\/p><\/td><td width=\"340\"><p>0,1-1kg\/h\uff08Dependiendo del material y la f\u00f3rmula\uff09<\/p><\/td><\/tr><tr><td width=\"180\"><p>Velocidad m\u00e1x. de rotaci\u00f3n<\/p><\/td><td width=\"340\"><p>600 rpm<\/p><\/td><\/tr><tr><td width=\"180\"><p>M\u00e1x. Temperatura<\/p><\/td><td width=\"340\"><p>350\u2103<\/p><\/td><\/tr><tr><td width=\"180\"><p>Precisi\u00f3n del control de temperatura<\/p><\/td><td width=\"340\"><p>\u00b11\u2103<\/p><\/td><\/tr><tr><td width=\"180\"><p>Tensi\u00f3n de trabajo<\/p><\/td><td width=\"340\"><p>220V\u00b110% \uff0c50Hz<\/p><\/td><\/tr><tr><td width=\"180\"><p>M\u00e9todo de control<\/p><\/td><td width=\"340\"><p>Control PLC Siemens\u00a0<\/p><\/td><\/tr><\/tbody><\/table>\t\t\t\t\t\t\t\t<\/div>\n\t\t\t\t<\/div>\n\t\t\t\t\t<\/div>\n\t\t\t\t<\/div>\n\t\t\t\t<\/div>","protected":false},"excerpt":{"rendered":"<p>Twin Screw Hot Melt Extrusion Line HTGD-12 twin screw lab hot melt extrusion line is mainly for mixing and compounding in polymer processing and has expanded into other applications for new material development. It opens up many possibilities for your R&amp;D and manufacturing environment, promoting fast and reliable material development in the polymer, food, or [&hellip;]<\/p>\n","protected":false},"author":1,"featured_media":1859,"parent":1677,"menu_order":0,"comment_status":"closed","ping_status":"closed","template":"","meta":{"site-sidebar-layout":"no-sidebar","site-content-layout":"page-builder","ast-site-content-layout":"full-width-container","site-content-style":"default","site-sidebar-style":"default","ast-global-header-display":"","ast-banner-title-visibility":"","ast-main-header-display":"","ast-hfb-above-header-display":"","ast-hfb-below-header-display":"","ast-hfb-mobile-header-display":"","site-post-title":"disabled","ast-breadcrumbs-content":"","ast-featured-img":"disabled","footer-sml-layout":"","theme-transparent-header-meta":"","adv-header-id-meta":"","stick-header-meta":"","header-above-stick-meta":"","header-main-stick-meta":"","header-below-stick-meta":"","astra-migrate-meta-layouts":"set","ast-page-background-enabled":"default","ast-page-background-meta":{"desktop":{"background-color":"var(--ast-global-color-4)","background-image":"","background-repeat":"repeat","background-position":"center center","background-size":"auto","background-attachment":"scroll","background-type":"","background-media":"","overlay-type":"","overlay-color":"","overlay-gradient":""},"tablet":{"background-color":"","background-image":"","background-repeat":"repeat","background-position":"center center","background-size":"auto","background-attachment":"scroll","background-type":"","background-media":"","overlay-type":"","overlay-color":"","overlay-gradient":""},"mobile":{"background-color":"","background-image":"","background-repeat":"repeat","background-position":"center center","background-size":"auto","background-attachment":"scroll","background-type":"","background-media":"","overlay-type":"","overlay-color":"","overlay-gradient":""}},"ast-content-background-meta":{"desktop":{"background-color":"var(--ast-global-color-5)","background-image":"","background-repeat":"repeat","background-position":"center center","background-size":"auto","background-attachment":"scroll","background-type":"","background-media":"","overlay-type":"","overlay-color":"","overlay-gradient":""},"tablet":{"background-color":"var(--ast-global-color-5)","background-image":"","background-repeat":"repeat","background-position":"center center","background-size":"auto","background-attachment":"scroll","background-type":"","background-media":"","overlay-type":"","overlay-color":"","overlay-gradient":""},"mobile":{"background-color":"var(--ast-global-color-5)","background-image":"","background-repeat":"repeat","background-position":"center center","background-size":"auto","background-attachment":"scroll","background-type":"","background-media":"","overlay-type":"","overlay-color":"","overlay-gradient":""}},"footnotes":""},"class_list":["post-1857","page","type-page","status-publish","has-post-thumbnail","hentry"],"_links":{"self":[{"href":"https:\/\/www.meltextruder.com\/es\/wp-json\/wp\/v2\/pages\/1857","targetHints":{"allow":["GET"]}}],"collection":[{"href":"https:\/\/www.meltextruder.com\/es\/wp-json\/wp\/v2\/pages"}],"about":[{"href":"https:\/\/www.meltextruder.com\/es\/wp-json\/wp\/v2\/types\/page"}],"author":[{"embeddable":true,"href":"https:\/\/www.meltextruder.com\/es\/wp-json\/wp\/v2\/users\/1"}],"replies":[{"embeddable":true,"href":"https:\/\/www.meltextruder.com\/es\/wp-json\/wp\/v2\/comments?post=1857"}],"version-history":[{"count":4,"href":"https:\/\/www.meltextruder.com\/es\/wp-json\/wp\/v2\/pages\/1857\/revisions"}],"predecessor-version":[{"id":1862,"href":"https:\/\/www.meltextruder.com\/es\/wp-json\/wp\/v2\/pages\/1857\/revisions\/1862"}],"up":[{"embeddable":true,"href":"https:\/\/www.meltextruder.com\/es\/wp-json\/wp\/v2\/pages\/1677"}],"wp:featuredmedia":[{"embeddable":true,"href":"https:\/\/www.meltextruder.com\/es\/wp-json\/wp\/v2\/media\/1859"}],"wp:attachment":[{"href":"https:\/\/www.meltextruder.com\/es\/wp-json\/wp\/v2\/media?parent=1857"}],"curies":[{"name":"wp","href":"https:\/\/api.w.org\/{rel}","templated":true}]}}