{"id":1852,"date":"2024-02-25T15:31:39","date_gmt":"2024-02-25T07:31:39","guid":{"rendered":"https:\/\/www.meltextruder.com\/?page_id=1852"},"modified":"2024-03-27T16:17:14","modified_gmt":"2024-03-27T08:17:14","slug":"mini-filament-tube-extrusion-line","status":"publish","type":"page","link":"https:\/\/www.meltextruder.com\/es\/products\/mini-filament-tube-extrusion-line","title":{"rendered":"Minil\u00ednea de extrusi\u00f3n de filamentos y tubos"},"content":{"rendered":"<div data-elementor-type=\"wp-page\" data-elementor-id=\"1852\" class=\"elementor elementor-1852\" data-elementor-post-type=\"page\">\n\t\t\t\t<div class=\"elementor-element elementor-element-652622fa e-flex e-con-boxed e-con e-parent\" data-id=\"652622fa\" data-element_type=\"container\">\n\t\t\t\t\t<div class=\"e-con-inner\">\n\t\t<div class=\"elementor-element elementor-element-63c0bdbd e-con-full e-flex e-con e-child\" data-id=\"63c0bdbd\" data-element_type=\"container\">\n\t\t\t\t<div class=\"elementor-element elementor-element-7b0c9a7e elementor-widget elementor-widget-image\" data-id=\"7b0c9a7e\" data-element_type=\"widget\" data-widget_type=\"image.default\">\n\t\t\t\t<div class=\"elementor-widget-container\">\n\t\t\t\t\t\t\t\t\t\t\t\t\t\t\t<img fetchpriority=\"high\" decoding=\"async\" width=\"750\" height=\"422\" src=\"https:\/\/www.meltextruder.com\/wp-content\/uploads\/2024\/03\/mini-filament-extruder750.jpg\" class=\"attachment-large size-large wp-image-1759\" alt=\"mini-filament-extruder\" srcset=\"https:\/\/www.meltextruder.com\/wp-content\/uploads\/2024\/03\/mini-filament-extruder750.jpg 750w, https:\/\/www.meltextruder.com\/wp-content\/uploads\/2024\/03\/mini-filament-extruder750-300x169.jpg 300w\" sizes=\"(max-width: 750px) 100vw, 750px\" \/>\t\t\t\t\t\t\t\t\t\t\t\t\t\t\t<\/div>\n\t\t\t\t<\/div>\n\t\t\t\t<\/div>\n\t\t<div class=\"elementor-element elementor-element-7361cdd5 e-con-full e-flex e-con e-child\" data-id=\"7361cdd5\" data-element_type=\"container\">\n\t\t\t\t<div class=\"elementor-element elementor-element-5d3129b8 elementor-widget elementor-widget-heading\" data-id=\"5d3129b8\" data-element_type=\"widget\" data-widget_type=\"heading.default\">\n\t\t\t\t<div class=\"elementor-widget-container\">\n\t\t\t\t\t<h2 class=\"elementor-heading-title elementor-size-default\">Minil\u00ednea de extrusi\u00f3n de filamentos y tubos<\/h2>\t\t\t\t<\/div>\n\t\t\t\t<\/div>\n\t\t\t\t<div class=\"elementor-element elementor-element-6abd65d8 elementor-widget elementor-widget-text-editor\" data-id=\"6abd65d8\" data-element_type=\"widget\" data-widget_type=\"text-editor.default\">\n\t\t\t\t<div class=\"elementor-widget-container\">\n\t\t\t\t\t\t\t\t\t<p>La minil\u00ednea de extrusi\u00f3n de filamentos y tubos se compone de una extrusora monohusillo, un dep\u00f3sito de agua, una m\u00e1quina de tracci\u00f3n, una m\u00e1quina de bobinado y un instrumento de medici\u00f3n del di\u00e1metro. Se aplica a la granulaci\u00f3n de pl\u00e1sticos. Es una herramienta ideal para institutos de investigaci\u00f3n por su miniaturizaci\u00f3n, inteligencia y alta precisi\u00f3n.<\/p><p>La l\u00ednea de extrusi\u00f3n de filamentos es un sistema de producci\u00f3n utilizado para fabricar filamentos, normalmente de materiales termopl\u00e1sticos como PLA , ABS , PETG o nailon. Estos filamentos se utilizan habitualmente como materia prima en los procesos de impresi\u00f3n 3D.<\/p>\t\t\t\t\t\t\t\t<\/div>\n\t\t\t\t<\/div>\n\t\t\t\t<\/div>\n\t\t\t\t\t<\/div>\n\t\t\t\t<\/div>\n\t\t<div class=\"elementor-element elementor-element-3d317657 e-flex e-con-boxed e-con e-parent\" data-id=\"3d317657\" data-element_type=\"container\">\n\t\t\t\t\t<div class=\"e-con-inner\">\n\t\t\t\t<div class=\"elementor-element elementor-element-2f08c3c elementor-widget elementor-widget-heading\" data-id=\"2f08c3c\" data-element_type=\"widget\" data-widget_type=\"heading.default\">\n\t\t\t\t<div class=\"elementor-widget-container\">\n\t\t\t\t\t<h3 class=\"elementor-heading-title elementor-size-default\">Ventajas<\/h3>\t\t\t\t<\/div>\n\t\t\t\t<\/div>\n\t\t\t\t<div class=\"elementor-element elementor-element-498d8114 elementor-widget elementor-widget-text-editor\" data-id=\"498d8114\" data-element_type=\"widget\" data-widget_type=\"text-editor.default\">\n\t\t\t\t<div class=\"elementor-widget-container\">\n\t\t\t\t\t\t\t\t\t<ul><li>Adoptar un motor de marca internacional para la extrusora para hacer la plastificaci\u00f3n estable y constante.<\/li><li>Utilizaci\u00f3n de un sensor de presi\u00f3n y temperatura de fusi\u00f3n de marca para garantizar datos de gran precisi\u00f3n.<\/li><li>Adopta la pantalla t\u00e1ctil SIEMENS TFT y el sistema de control SIEMENS PLC, que son altamente inteligentes y f\u00e1ciles de operar.<\/li><li>Doble protecci\u00f3n de seguridad de m\u00e1quinas y aparatos el\u00e9ctricos.<\/li><li>Almacenamiento de recetas.<\/li><\/ul>\t\t\t\t\t\t\t\t<\/div>\n\t\t\t\t<\/div>\n\t\t\t\t<div class=\"elementor-element elementor-element-7091f7c8 elementor-widget elementor-widget-heading\" data-id=\"7091f7c8\" data-element_type=\"widget\" data-widget_type=\"heading.default\">\n\t\t\t\t<div class=\"elementor-widget-container\">\n\t\t\t\t\t<h3 class=\"elementor-heading-title elementor-size-default\">Especificaci\u00f3n<\/h3>\t\t\t\t<\/div>\n\t\t\t\t<\/div>\n\t\t\t\t<div class=\"elementor-element elementor-element-15f11131 elementor-widget elementor-widget-text-editor\" data-id=\"15f11131\" data-element_type=\"widget\" data-widget_type=\"text-editor.default\">\n\t\t\t\t<div class=\"elementor-widget-container\">\n\t\t\t\t\t\t\t\t\t<table width=\"525\"><tbody><tr><td width=\"249\"><p>N\u00ba de art\u00edculo<\/p><\/td><td width=\"276\"><p>MP19<\/p><\/td><\/tr><tr><td><p>Di\u00e1metro del tornillo<\/p><\/td><td width=\"276\"><p>19 mm<\/p><\/td><\/tr><tr><td><p>L\/D<\/p><\/td><td width=\"276\"><p>25\/1<\/p><\/td><\/tr><tr><td><p>Potencia del motor<\/p><\/td><td width=\"276\"><p>1,5 kW<\/p><\/td><\/tr><tr><td><p>Salida<\/p><\/td><td width=\"276\"><p>0,2~2kg\/h<\/p><\/td><\/tr><tr><td><p>Di\u00e1metro del filamento<\/p><\/td><td width=\"276\"><p>0,2-2mm(filamento), 0,6-2mm(tubo)<\/p><\/td><\/tr><tr><td><p>Temp. m\u00e1x. Temp. (\u2103)<\/p><\/td><td width=\"276\"><p>350<\/p><\/td><\/tr><tr><td><p>Precisi\u00f3n del control de temperatura (\u2103)<\/p><\/td><td width=\"276\"><p>\u00b11<\/p><\/td><\/tr><tr><td><p>Dimensiones (mm)<\/p><\/td><td width=\"276\"><p>2560\u00d7557\u00d7570mm<\/p><\/td><\/tr><\/tbody><\/table><p>\u00a0<\/p>\t\t\t\t\t\t\t\t<\/div>\n\t\t\t\t<\/div>\n\t\t\t\t\t<\/div>\n\t\t\t\t<\/div>\n\t\t\t\t<\/div>","protected":false},"excerpt":{"rendered":"<p>Mini Filament &amp; Tube Extrusion Line The mini filament &amp; tube extrusion line is composed of a single screw extruder, water tank, traction machine, winding machine, and diameter measuring instrument. It is applied to the pelletizing of plastics. It is an ideal tool for research institutes because of its miniaturization, intelligence, and high precision. Filament [&hellip;]<\/p>\n","protected":false},"author":1,"featured_media":1759,"parent":1677,"menu_order":0,"comment_status":"closed","ping_status":"closed","template":"","meta":{"site-sidebar-layout":"no-sidebar","site-content-layout":"page-builder","ast-site-content-layout":"full-width-container","site-content-style":"default","site-sidebar-style":"default","ast-global-header-display":"","ast-banner-title-visibility":"","ast-main-header-display":"","ast-hfb-above-header-display":"","ast-hfb-below-header-display":"","ast-hfb-mobile-header-display":"","site-post-title":"disabled","ast-breadcrumbs-content":"","ast-featured-img":"disabled","footer-sml-layout":"","theme-transparent-header-meta":"","adv-header-id-meta":"","stick-header-meta":"","header-above-stick-meta":"","header-main-stick-meta":"","header-below-stick-meta":"","astra-migrate-meta-layouts":"set","ast-page-background-enabled":"default","ast-page-background-meta":{"desktop":{"background-color":"var(--ast-global-color-4)","background-image":"","background-repeat":"repeat","background-position":"center center","background-size":"auto","background-attachment":"scroll","background-type":"","background-media":"","overlay-type":"","overlay-color":"","overlay-gradient":""},"tablet":{"background-color":"","background-image":"","background-repeat":"repeat","background-position":"center center","background-size":"auto","background-attachment":"scroll","background-type":"","background-media":"","overlay-type":"","overlay-color":"","overlay-gradient":""},"mobile":{"background-color":"","background-image":"","background-repeat":"repeat","background-position":"center center","background-size":"auto","background-attachment":"scroll","background-type":"","background-media":"","overlay-type":"","overlay-color":"","overlay-gradient":""}},"ast-content-background-meta":{"desktop":{"background-color":"var(--ast-global-color-5)","background-image":"","background-repeat":"repeat","background-position":"center center","background-size":"auto","background-attachment":"scroll","background-type":"","background-media":"","overlay-type":"","overlay-color":"","overlay-gradient":""},"tablet":{"background-color":"var(--ast-global-color-5)","background-image":"","background-repeat":"repeat","background-position":"center center","background-size":"auto","background-attachment":"scroll","background-type":"","background-media":"","overlay-type":"","overlay-color":"","overlay-gradient":""},"mobile":{"background-color":"var(--ast-global-color-5)","background-image":"","background-repeat":"repeat","background-position":"center center","background-size":"auto","background-attachment":"scroll","background-type":"","background-media":"","overlay-type":"","overlay-color":"","overlay-gradient":""}},"footnotes":""},"class_list":["post-1852","page","type-page","status-publish","has-post-thumbnail","hentry"],"_links":{"self":[{"href":"https:\/\/www.meltextruder.com\/es\/wp-json\/wp\/v2\/pages\/1852","targetHints":{"allow":["GET"]}}],"collection":[{"href":"https:\/\/www.meltextruder.com\/es\/wp-json\/wp\/v2\/pages"}],"about":[{"href":"https:\/\/www.meltextruder.com\/es\/wp-json\/wp\/v2\/types\/page"}],"author":[{"embeddable":true,"href":"https:\/\/www.meltextruder.com\/es\/wp-json\/wp\/v2\/users\/1"}],"replies":[{"embeddable":true,"href":"https:\/\/www.meltextruder.com\/es\/wp-json\/wp\/v2\/comments?post=1852"}],"version-history":[{"count":4,"href":"https:\/\/www.meltextruder.com\/es\/wp-json\/wp\/v2\/pages\/1852\/revisions"}],"predecessor-version":[{"id":1856,"href":"https:\/\/www.meltextruder.com\/es\/wp-json\/wp\/v2\/pages\/1852\/revisions\/1856"}],"up":[{"embeddable":true,"href":"https:\/\/www.meltextruder.com\/es\/wp-json\/wp\/v2\/pages\/1677"}],"wp:featuredmedia":[{"embeddable":true,"href":"https:\/\/www.meltextruder.com\/es\/wp-json\/wp\/v2\/media\/1759"}],"wp:attachment":[{"href":"https:\/\/www.meltextruder.com\/es\/wp-json\/wp\/v2\/media?parent=1852"}],"curies":[{"name":"wp","href":"https:\/\/api.w.org\/{rel}","templated":true}]}}