{"id":1847,"date":"2024-02-26T20:17:05","date_gmt":"2024-02-26T12:17:05","guid":{"rendered":"https:\/\/www.meltextruder.com\/?page_id=1847"},"modified":"2024-03-27T16:17:28","modified_gmt":"2024-03-27T08:17:28","slug":"laboratory-sheet-extruder-machine","status":"publish","type":"page","link":"https:\/\/www.meltextruder.com\/es\/products\/laboratory-sheet-extruder-machine","title":{"rendered":"M\u00e1quina extrusora de l\u00e1minas de laboratorio"},"content":{"rendered":"<div data-elementor-type=\"wp-page\" data-elementor-id=\"1847\" class=\"elementor elementor-1847\" data-elementor-post-type=\"page\">\n\t\t\t\t<div class=\"elementor-element elementor-element-30c808e9 e-flex e-con-boxed e-con e-parent\" data-id=\"30c808e9\" data-element_type=\"container\">\n\t\t\t\t\t<div class=\"e-con-inner\">\n\t\t<div class=\"elementor-element elementor-element-5183f3f5 e-con-full e-flex e-con e-child\" data-id=\"5183f3f5\" data-element_type=\"container\">\n\t\t\t\t<div class=\"elementor-element elementor-element-6394701 elementor-widget elementor-widget-image\" data-id=\"6394701\" data-element_type=\"widget\" data-widget_type=\"image.default\">\n\t\t\t\t<div class=\"elementor-widget-container\">\n\t\t\t\t\t\t\t\t\t\t\t\t\t\t\t<img fetchpriority=\"high\" decoding=\"async\" width=\"750\" height=\"422\" src=\"https:\/\/www.meltextruder.com\/wp-content\/uploads\/2024\/03\/Desktop-Sheet-Extrusion-Line7500.jpg\" class=\"attachment-large size-large wp-image-2166\" alt=\"Desktop-Sheet-Extrusion-Line7500\" srcset=\"https:\/\/www.meltextruder.com\/wp-content\/uploads\/2024\/03\/Desktop-Sheet-Extrusion-Line7500.jpg 750w, https:\/\/www.meltextruder.com\/wp-content\/uploads\/2024\/03\/Desktop-Sheet-Extrusion-Line7500-300x169.jpg 300w\" sizes=\"(max-width: 750px) 100vw, 750px\" \/>\t\t\t\t\t\t\t\t\t\t\t\t\t\t\t<\/div>\n\t\t\t\t<\/div>\n\t\t\t\t<\/div>\n\t\t<div class=\"elementor-element elementor-element-62942128 e-con-full e-flex e-con e-child\" data-id=\"62942128\" data-element_type=\"container\">\n\t\t\t\t<div class=\"elementor-element elementor-element-1398aa8d elementor-widget elementor-widget-heading\" data-id=\"1398aa8d\" data-element_type=\"widget\" data-widget_type=\"heading.default\">\n\t\t\t\t<div class=\"elementor-widget-container\">\n\t\t\t\t\t<h2 class=\"elementor-heading-title elementor-size-default\">L\u00ednea de extrusi\u00f3n de l\u00e1minas para laboratorio<\/h2>\t\t\t\t<\/div>\n\t\t\t\t<\/div>\n\t\t\t\t<div class=\"elementor-element elementor-element-58d1e144 elementor-widget elementor-widget-text-editor\" data-id=\"58d1e144\" data-element_type=\"widget\" data-widget_type=\"text-editor.default\">\n\t\t\t\t<div class=\"elementor-widget-container\">\n\t\t\t\t\t\t\t\t\t<p>Una l\u00ednea de extrusi\u00f3n de l\u00e1minas de sobremesa es una m\u00e1quina compacta y de alta precisi\u00f3n para producir l\u00e1minas de pl\u00e1stico de varios grosores y dimensiones, que se compone de una extrusora de un solo tornillo, un troquel en T y una m\u00e1quina auxiliar de pel\u00edcula fundida. Estas l\u00e1minas pueden fabricarse a partir de una amplia gama de materiales termopl\u00e1sticos, como polietileno (PE), polipropileno (PP), poliestireno (PS), cloruro de polivinilo (PVC) y otros.<\/p>\t\t\t\t\t\t\t\t<\/div>\n\t\t\t\t<\/div>\n\t\t\t\t<\/div>\n\t\t\t\t\t<\/div>\n\t\t\t\t<\/div>\n\t\t<div class=\"elementor-element elementor-element-ed0d7ce e-flex e-con-boxed e-con e-parent\" data-id=\"ed0d7ce\" data-element_type=\"container\">\n\t\t\t\t\t<div class=\"e-con-inner\">\n\t\t\t\t<div class=\"elementor-element elementor-element-2073fc36 elementor-widget elementor-widget-heading\" data-id=\"2073fc36\" data-element_type=\"widget\" data-widget_type=\"heading.default\">\n\t\t\t\t<div class=\"elementor-widget-container\">\n\t\t\t\t\t<h3 class=\"elementor-heading-title elementor-size-default\">Ventajas<\/h3>\t\t\t\t<\/div>\n\t\t\t\t<\/div>\n\t\t\t\t<div class=\"elementor-element elementor-element-16633c23 elementor-widget elementor-widget-text-editor\" data-id=\"16633c23\" data-element_type=\"widget\" data-widget_type=\"text-editor.default\">\n\t\t\t\t<div class=\"elementor-widget-container\">\n\t\t\t\t\t\t\t\t\t<ul><li>Adoptar un motor de marca internacional para la extrusora para hacer la plastificaci\u00f3n estable y constante.<\/li><li>Utilizaci\u00f3n de un sensor de presi\u00f3n y temperatura de fusi\u00f3n de marca para garantizar datos de gran precisi\u00f3n.<\/li><li>Adopta la pantalla t\u00e1ctil SIEMENS TFT y el sistema de control SIEMENS PLC, que son altamente inteligentes y f\u00e1ciles de operar.<\/li><li>Doble protecci\u00f3n de seguridad de m\u00e1quinas y aparatos el\u00e9ctricos.<\/li><li>Almacenamiento de recetas.<\/li><\/ul>\t\t\t\t\t\t\t\t<\/div>\n\t\t\t\t<\/div>\n\t\t\t\t<div class=\"elementor-element elementor-element-4fe38719 elementor-widget elementor-widget-heading\" data-id=\"4fe38719\" data-element_type=\"widget\" data-widget_type=\"heading.default\">\n\t\t\t\t<div class=\"elementor-widget-container\">\n\t\t\t\t\t<h3 class=\"elementor-heading-title elementor-size-default\">Especificaci\u00f3n<\/h3>\t\t\t\t<\/div>\n\t\t\t\t<\/div>\n\t\t\t\t<div class=\"elementor-element elementor-element-94c0e94 elementor-widget elementor-widget-text-editor\" data-id=\"94c0e94\" data-element_type=\"widget\" data-widget_type=\"text-editor.default\">\n\t\t\t\t<div class=\"elementor-widget-container\">\n\t\t\t\t\t\t\t\t\t<table width=\"525\"><tbody><tr><td width=\"249\"><p><strong>N\u00ba de art\u00edculo<\/strong><\/p><\/td><td width=\"276\"><p><strong>MP19<\/strong><\/p><\/td><\/tr><tr><td><p><strong>Di\u00e1metro del tornillo<\/strong><\/p><\/td><td width=\"276\"><p><strong>19 mm<\/strong><\/p><\/td><\/tr><tr><td><p><strong>L\/D<\/strong><\/p><\/td><td width=\"276\"><p><strong>25\/1<\/strong><\/p><\/td><\/tr><tr><td><p><strong>Potencia del motor<\/strong><\/p><\/td><td width=\"276\"><p><strong>1,5 kW<\/strong><\/p><\/td><\/tr><tr><td><p><strong>Salida<\/strong><\/p><\/td><td width=\"276\"><p><strong>0,2~2kg\/h<\/strong><\/p><\/td><\/tr><tr><td><p><strong>Distancia entre rodillos (mm)<\/strong><\/p><\/td><td width=\"276\"><p><strong>0,2~2kg\/h<\/strong><\/p><\/td><\/tr><tr><td><p><strong>Espesor de la chapa (mm)<\/strong><\/p><\/td><td width=\"276\"><p><strong>0.02~0.5<\/strong><\/p><\/td><\/tr><tr><td><p><strong>Anchura de la hoja (mm)<\/strong><\/p><\/td><td width=\"276\"><p>\u2264<strong>80 mm<\/strong><\/p><\/td><\/tr><tr><td><p><strong>M\u00e1x. Temp. (<\/strong><strong>\u2103)<\/strong><\/p><\/td><td width=\"276\"><p><strong>350<\/strong><\/p><\/td><\/tr><tr><td><p><strong>Precisi\u00f3n del control de temperatura(<\/strong><strong>\u2103)<\/strong><\/p><\/td><td width=\"276\"><p><strong>\u00b11<\/strong><\/p><\/td><\/tr><tr><td><p><strong>Dimensiones (mm)<\/strong><\/p><\/td><td width=\"276\"><p><strong>1756<\/strong><strong>\u00d7651\u00d7570mm<\/strong><\/p><\/td><\/tr><\/tbody><\/table><p>\u00a0<\/p>\t\t\t\t\t\t\t\t<\/div>\n\t\t\t\t<\/div>\n\t\t\t\t\t<\/div>\n\t\t\t\t<\/div>\n\t\t\t\t<\/div>","protected":false},"excerpt":{"rendered":"<p>Laboratory Sheet Extrusion Line A Desktop Sheet Extrusion line is a compact and high precision machine to produce plastic sheets of various thicknesses and dimensions, which is composed of a single screw extruder, T-die, and cast film auxiliary machine. These sheets can be made from a wide range of thermoplastic materials, such as polyethylene (PE), [&hellip;]<\/p>\n","protected":false},"author":1,"featured_media":1758,"parent":1677,"menu_order":0,"comment_status":"closed","ping_status":"closed","template":"","meta":{"site-sidebar-layout":"no-sidebar","site-content-layout":"page-builder","ast-site-content-layout":"full-width-container","site-content-style":"default","site-sidebar-style":"default","ast-global-header-display":"","ast-banner-title-visibility":"","ast-main-header-display":"","ast-hfb-above-header-display":"","ast-hfb-below-header-display":"","ast-hfb-mobile-header-display":"","site-post-title":"disabled","ast-breadcrumbs-content":"","ast-featured-img":"disabled","footer-sml-layout":"","theme-transparent-header-meta":"","adv-header-id-meta":"","stick-header-meta":"","header-above-stick-meta":"","header-main-stick-meta":"","header-below-stick-meta":"","astra-migrate-meta-layouts":"set","ast-page-background-enabled":"default","ast-page-background-meta":{"desktop":{"background-color":"var(--ast-global-color-4)","background-image":"","background-repeat":"repeat","background-position":"center center","background-size":"auto","background-attachment":"scroll","background-type":"","background-media":"","overlay-type":"","overlay-color":"","overlay-gradient":""},"tablet":{"background-color":"","background-image":"","background-repeat":"repeat","background-position":"center center","background-size":"auto","background-attachment":"scroll","background-type":"","background-media":"","overlay-type":"","overlay-color":"","overlay-gradient":""},"mobile":{"background-color":"","background-image":"","background-repeat":"repeat","background-position":"center center","background-size":"auto","background-attachment":"scroll","background-type":"","background-media":"","overlay-type":"","overlay-color":"","overlay-gradient":""}},"ast-content-background-meta":{"desktop":{"background-color":"var(--ast-global-color-5)","background-image":"","background-repeat":"repeat","background-position":"center center","background-size":"auto","background-attachment":"scroll","background-type":"","background-media":"","overlay-type":"","overlay-color":"","overlay-gradient":""},"tablet":{"background-color":"var(--ast-global-color-5)","background-image":"","background-repeat":"repeat","background-position":"center center","background-size":"auto","background-attachment":"scroll","background-type":"","background-media":"","overlay-type":"","overlay-color":"","overlay-gradient":""},"mobile":{"background-color":"var(--ast-global-color-5)","background-image":"","background-repeat":"repeat","background-position":"center center","background-size":"auto","background-attachment":"scroll","background-type":"","background-media":"","overlay-type":"","overlay-color":"","overlay-gradient":""}},"footnotes":""},"class_list":["post-1847","page","type-page","status-publish","has-post-thumbnail","hentry"],"_links":{"self":[{"href":"https:\/\/www.meltextruder.com\/es\/wp-json\/wp\/v2\/pages\/1847","targetHints":{"allow":["GET"]}}],"collection":[{"href":"https:\/\/www.meltextruder.com\/es\/wp-json\/wp\/v2\/pages"}],"about":[{"href":"https:\/\/www.meltextruder.com\/es\/wp-json\/wp\/v2\/types\/page"}],"author":[{"embeddable":true,"href":"https:\/\/www.meltextruder.com\/es\/wp-json\/wp\/v2\/users\/1"}],"replies":[{"embeddable":true,"href":"https:\/\/www.meltextruder.com\/es\/wp-json\/wp\/v2\/comments?post=1847"}],"version-history":[{"count":10,"href":"https:\/\/www.meltextruder.com\/es\/wp-json\/wp\/v2\/pages\/1847\/revisions"}],"predecessor-version":[{"id":2173,"href":"https:\/\/www.meltextruder.com\/es\/wp-json\/wp\/v2\/pages\/1847\/revisions\/2173"}],"up":[{"embeddable":true,"href":"https:\/\/www.meltextruder.com\/es\/wp-json\/wp\/v2\/pages\/1677"}],"wp:featuredmedia":[{"embeddable":true,"href":"https:\/\/www.meltextruder.com\/es\/wp-json\/wp\/v2\/media\/1758"}],"wp:attachment":[{"href":"https:\/\/www.meltextruder.com\/es\/wp-json\/wp\/v2\/media?parent=1847"}],"curies":[{"name":"wp","href":"https:\/\/api.w.org\/{rel}","templated":true}]}}