{"id":1834,"date":"2024-03-03T19:44:55","date_gmt":"2024-03-03T11:44:55","guid":{"rendered":"https:\/\/www.meltextruder.com\/?page_id=1834"},"modified":"2024-03-27T16:18:27","modified_gmt":"2024-03-27T08:18:27","slug":"desktop-pelletizing-extrusion-line","status":"publish","type":"page","link":"https:\/\/www.meltextruder.com\/es\/products\/desktop-pelletizing-extrusion-line","title":{"rendered":"L\u00ednea de extrusi\u00f3n granuladora de sobremesa"},"content":{"rendered":"<div data-elementor-type=\"wp-page\" data-elementor-id=\"1834\" class=\"elementor elementor-1834\" data-elementor-post-type=\"page\">\n\t\t\t\t<div class=\"elementor-element elementor-element-7238a150 e-flex e-con-boxed e-con e-parent\" data-id=\"7238a150\" data-element_type=\"container\">\n\t\t\t\t\t<div class=\"e-con-inner\">\n\t\t<div class=\"elementor-element elementor-element-7d900a4a e-con-full e-flex e-con e-child\" data-id=\"7d900a4a\" data-element_type=\"container\">\n\t\t\t\t<div class=\"elementor-element elementor-element-1f2afcf7 elementor-widget elementor-widget-image\" data-id=\"1f2afcf7\" data-element_type=\"widget\" data-widget_type=\"image.default\">\n\t\t\t\t<div class=\"elementor-widget-container\">\n\t\t\t\t\t\t\t\t\t\t\t\t\t\t\t<img fetchpriority=\"high\" decoding=\"async\" width=\"750\" height=\"500\" src=\"https:\/\/www.meltextruder.com\/wp-content\/uploads\/2024\/03\/Pelletizing-Extrusion-Line750.jpg\" class=\"attachment-large size-large wp-image-1836\" alt=\"Pelletizing-Extrusion-Line\" srcset=\"https:\/\/www.meltextruder.com\/wp-content\/uploads\/2024\/03\/Pelletizing-Extrusion-Line750.jpg 750w, https:\/\/www.meltextruder.com\/wp-content\/uploads\/2024\/03\/Pelletizing-Extrusion-Line750-300x200.jpg 300w\" sizes=\"(max-width: 750px) 100vw, 750px\" \/>\t\t\t\t\t\t\t\t\t\t\t\t\t\t\t<\/div>\n\t\t\t\t<\/div>\n\t\t\t\t<\/div>\n\t\t<div class=\"elementor-element elementor-element-247b0201 e-con-full e-flex e-con e-child\" data-id=\"247b0201\" data-element_type=\"container\">\n\t\t\t\t<div class=\"elementor-element elementor-element-5fd68830 elementor-widget elementor-widget-heading\" data-id=\"5fd68830\" data-element_type=\"widget\" data-widget_type=\"heading.default\">\n\t\t\t\t<div class=\"elementor-widget-container\">\n\t\t\t\t\t<h2 class=\"elementor-heading-title elementor-size-default\">L\u00ednea de extrusi\u00f3n granuladora de sobremesa<\/h2>\t\t\t\t<\/div>\n\t\t\t\t<\/div>\n\t\t\t\t<div class=\"elementor-element elementor-element-2eff8bfc elementor-widget elementor-widget-text-editor\" data-id=\"2eff8bfc\" data-element_type=\"widget\" data-widget_type=\"text-editor.default\">\n\t\t\t\t<div class=\"elementor-widget-container\">\n\t\t\t\t\t\t\t\t\t<p>Una l\u00ednea de extrusi\u00f3n granuladora de sobremesa se compone de una extrusora monohusillo, un dep\u00f3sito de agua y un granulador. Es una m\u00e1quina compacta y a menudo port\u00e1til que se utiliza en la industria del pl\u00e1stico para convertir materiales pl\u00e1sticos en pellets. Est\u00e1 dise\u00f1ada para ofrecer capacidades de producci\u00f3n de pellets a menor escala en comparaci\u00f3n con las l\u00edneas de extrusi\u00f3n granuladora industriales de mayor tama\u00f1o.<\/p><p>Las l\u00edneas de extrusi\u00f3n de granulado peque\u00f1as se utilizan a menudo en laboratorios de investigaci\u00f3n, instalaciones de producci\u00f3n a peque\u00f1a escala o entornos educativos donde el espacio es limitado y se requieren lotes m\u00e1s peque\u00f1os de granulado.\u00a0<\/p>\t\t\t\t\t\t\t\t<\/div>\n\t\t\t\t<\/div>\n\t\t\t\t<\/div>\n\t\t\t\t\t<\/div>\n\t\t\t\t<\/div>\n\t\t<div class=\"elementor-element elementor-element-2151a8fa e-flex e-con-boxed e-con e-parent\" data-id=\"2151a8fa\" data-element_type=\"container\">\n\t\t\t\t\t<div class=\"e-con-inner\">\n\t\t\t\t<div class=\"elementor-element elementor-element-5c71c6b0 elementor-widget elementor-widget-heading\" data-id=\"5c71c6b0\" data-element_type=\"widget\" data-widget_type=\"heading.default\">\n\t\t\t\t<div class=\"elementor-widget-container\">\n\t\t\t\t\t<h3 class=\"elementor-heading-title elementor-size-default\">Funciones y caracter\u00edsticas<\/h3>\t\t\t\t<\/div>\n\t\t\t\t<\/div>\n\t\t\t\t<div class=\"elementor-element elementor-element-5db2a61b elementor-widget elementor-widget-text-editor\" data-id=\"5db2a61b\" data-element_type=\"widget\" data-widget_type=\"text-editor.default\">\n\t\t\t\t<div class=\"elementor-widget-container\">\n\t\t\t\t\t\t\t\t\t<ul><li>Adoptar un motor de marca internacional para la extrusora para hacer la plastificaci\u00f3n estable y constante.<\/li><li>Utilizaci\u00f3n de un sensor de presi\u00f3n y temperatura de fusi\u00f3n de marca para garantizar datos de gran precisi\u00f3n.<\/li><li>Adopta la pantalla t\u00e1ctil SIEMENS TFT y el sistema de control SIEMENS PLC, que son altamente inteligentes y f\u00e1ciles de operar.<\/li><li>Doble protecci\u00f3n de seguridad de m\u00e1quinas y aparatos el\u00e9ctricos.<\/li><li>Almacenamiento de recetas.<\/li><\/ul>\t\t\t\t\t\t\t\t<\/div>\n\t\t\t\t<\/div>\n\t\t\t\t<div class=\"elementor-element elementor-element-6b3072bb elementor-widget elementor-widget-heading\" data-id=\"6b3072bb\" data-element_type=\"widget\" data-widget_type=\"heading.default\">\n\t\t\t\t<div class=\"elementor-widget-container\">\n\t\t\t\t\t<h3 class=\"elementor-heading-title elementor-size-default\">Especificaci\u00f3n<\/h3>\t\t\t\t<\/div>\n\t\t\t\t<\/div>\n\t\t\t\t<div class=\"elementor-element elementor-element-549e8b28 elementor-widget elementor-widget-text-editor\" data-id=\"549e8b28\" data-element_type=\"widget\" data-widget_type=\"text-editor.default\">\n\t\t\t\t<div class=\"elementor-widget-container\">\n\t\t\t\t\t\t\t\t\t<table width=\"525\"><tbody><tr><td width=\"249\"><p><strong>N\u00ba de art\u00edculo<\/strong><\/p><\/td><td width=\"276\"><p><strong>MP19<\/strong><\/p><\/td><\/tr><tr><td><p><strong>Di\u00e1metro del tornillo<\/strong><\/p><\/td><td width=\"276\"><p><strong>19 mm<\/strong><\/p><\/td><\/tr><tr><td><p><strong>L\/D<\/strong><\/p><\/td><td width=\"276\"><p><strong>25\/1<\/strong><\/p><\/td><\/tr><tr><td><p><strong>Potencia del motor<\/strong><\/p><\/td><td width=\"276\"><p><strong>1,5 kW<\/strong><\/p><\/td><\/tr><tr><td><p><strong>Salida<\/strong><\/p><\/td><td width=\"276\"><p><strong>0,2~2kg\/h<\/strong><\/p><\/td><\/tr><tr><td><p><strong>Di\u00e1metro del troquel<\/strong><\/p><\/td><td width=\"276\"><p><strong>3,5 mm<\/strong><\/p><\/td><\/tr><tr><td><p><strong>Di\u00e1metro del filamento<\/strong><\/p><\/td><td width=\"276\"><p><strong>1~2mm<\/strong><\/p><\/td><\/tr><tr><td><p><strong>M\u00e1x. Temp. (<\/strong><strong>\u2103)<\/strong><\/p><\/td><td width=\"276\"><p><strong>350<\/strong><\/p><\/td><\/tr><tr><td><p><strong>Precisi\u00f3n del control de temperatura (<\/strong><strong>\u2103)<\/strong><\/p><\/td><td width=\"276\"><p><strong>\u00b11<\/strong><\/p><\/td><\/tr><tr><td><p><strong>Dimensiones (mm)<\/strong><\/p><\/td><td width=\"276\"><p><strong>2330<\/strong><strong>\u00d7465\u00d7570mm<\/strong><\/p><\/td><\/tr><\/tbody><\/table>\t\t\t\t\t\t\t\t<\/div>\n\t\t\t\t<\/div>\n\t\t\t\t\t<\/div>\n\t\t\t\t<\/div>\n\t\t\t\t<\/div>","protected":false},"excerpt":{"rendered":"<p>Desktop Pelletizing Extrusion Line A Desktop Pelletizing Extrusion Line is composed of single screw extruder, water tank, and pelletizer. It is compact and often portable machine used in the plastic industry for converting plastic materials into pellets. It&#8217;s designed to offer smaller-scale pellet production capabilities compared to larger industrial pelletizing extrusion lines. Small pelletizing extrusion [&hellip;]<\/p>\n","protected":false},"author":1,"featured_media":1836,"parent":1677,"menu_order":0,"comment_status":"closed","ping_status":"closed","template":"","meta":{"site-sidebar-layout":"no-sidebar","site-content-layout":"page-builder","ast-site-content-layout":"full-width-container","site-content-style":"default","site-sidebar-style":"default","ast-global-header-display":"","ast-banner-title-visibility":"","ast-main-header-display":"","ast-hfb-above-header-display":"","ast-hfb-below-header-display":"","ast-hfb-mobile-header-display":"","site-post-title":"disabled","ast-breadcrumbs-content":"","ast-featured-img":"disabled","footer-sml-layout":"","theme-transparent-header-meta":"","adv-header-id-meta":"","stick-header-meta":"","header-above-stick-meta":"","header-main-stick-meta":"","header-below-stick-meta":"","astra-migrate-meta-layouts":"set","ast-page-background-enabled":"default","ast-page-background-meta":{"desktop":{"background-color":"var(--ast-global-color-4)","background-image":"","background-repeat":"repeat","background-position":"center center","background-size":"auto","background-attachment":"scroll","background-type":"","background-media":"","overlay-type":"","overlay-color":"","overlay-gradient":""},"tablet":{"background-color":"","background-image":"","background-repeat":"repeat","background-position":"center center","background-size":"auto","background-attachment":"scroll","background-type":"","background-media":"","overlay-type":"","overlay-color":"","overlay-gradient":""},"mobile":{"background-color":"","background-image":"","background-repeat":"repeat","background-position":"center center","background-size":"auto","background-attachment":"scroll","background-type":"","background-media":"","overlay-type":"","overlay-color":"","overlay-gradient":""}},"ast-content-background-meta":{"desktop":{"background-color":"var(--ast-global-color-5)","background-image":"","background-repeat":"repeat","background-position":"center center","background-size":"auto","background-attachment":"scroll","background-type":"","background-media":"","overlay-type":"","overlay-color":"","overlay-gradient":""},"tablet":{"background-color":"var(--ast-global-color-5)","background-image":"","background-repeat":"repeat","background-position":"center center","background-size":"auto","background-attachment":"scroll","background-type":"","background-media":"","overlay-type":"","overlay-color":"","overlay-gradient":""},"mobile":{"background-color":"var(--ast-global-color-5)","background-image":"","background-repeat":"repeat","background-position":"center center","background-size":"auto","background-attachment":"scroll","background-type":"","background-media":"","overlay-type":"","overlay-color":"","overlay-gradient":""}},"footnotes":""},"class_list":["post-1834","page","type-page","status-publish","has-post-thumbnail","hentry"],"_links":{"self":[{"href":"https:\/\/www.meltextruder.com\/es\/wp-json\/wp\/v2\/pages\/1834","targetHints":{"allow":["GET"]}}],"collection":[{"href":"https:\/\/www.meltextruder.com\/es\/wp-json\/wp\/v2\/pages"}],"about":[{"href":"https:\/\/www.meltextruder.com\/es\/wp-json\/wp\/v2\/types\/page"}],"author":[{"embeddable":true,"href":"https:\/\/www.meltextruder.com\/es\/wp-json\/wp\/v2\/users\/1"}],"replies":[{"embeddable":true,"href":"https:\/\/www.meltextruder.com\/es\/wp-json\/wp\/v2\/comments?post=1834"}],"version-history":[{"count":13,"href":"https:\/\/www.meltextruder.com\/es\/wp-json\/wp\/v2\/pages\/1834\/revisions"}],"predecessor-version":[{"id":1875,"href":"https:\/\/www.meltextruder.com\/es\/wp-json\/wp\/v2\/pages\/1834\/revisions\/1875"}],"up":[{"embeddable":true,"href":"https:\/\/www.meltextruder.com\/es\/wp-json\/wp\/v2\/pages\/1677"}],"wp:featuredmedia":[{"embeddable":true,"href":"https:\/\/www.meltextruder.com\/es\/wp-json\/wp\/v2\/media\/1836"}],"wp:attachment":[{"href":"https:\/\/www.meltextruder.com\/es\/wp-json\/wp\/v2\/media?parent=1834"}],"curies":[{"name":"wp","href":"https:\/\/api.w.org\/{rel}","templated":true}]}}