{"id":1857,"date":"2024-02-27T17:40:07","date_gmt":"2024-02-27T09:40:07","guid":{"rendered":"https:\/\/www.meltextruder.com\/?page_id=1857"},"modified":"2024-03-27T16:17:40","modified_gmt":"2024-03-27T08:17:40","slug":"lab-twin-screw-hot-melt-extrusion-line","status":"publish","type":"page","link":"https:\/\/www.meltextruder.com\/de\/products\/lab-twin-screw-hot-melt-extrusion-line","title":{"rendered":"Labor-Doppelschnecken-Hei\u00dfschmelzextrusionsanlage"},"content":{"rendered":"<div data-elementor-type=\"wp-page\" data-elementor-id=\"1857\" class=\"elementor elementor-1857\" data-elementor-post-type=\"page\">\n\t\t\t\t<div class=\"elementor-element elementor-element-cd79ad7 e-flex e-con-boxed e-con e-parent\" data-id=\"cd79ad7\" data-element_type=\"container\">\n\t\t\t\t\t<div class=\"e-con-inner\">\n\t\t<div class=\"elementor-element elementor-element-588a56f7 e-con-full e-flex e-con e-child\" data-id=\"588a56f7\" data-element_type=\"container\">\n\t\t\t\t<div class=\"elementor-element elementor-element-27a49c1 elementor-widget elementor-widget-image\" data-id=\"27a49c1\" data-element_type=\"widget\" data-widget_type=\"image.default\">\n\t\t\t\t<div class=\"elementor-widget-container\">\n\t\t\t\t\t\t\t\t\t\t\t\t\t\t\t<img fetchpriority=\"high\" decoding=\"async\" width=\"750\" height=\"445\" src=\"https:\/\/www.meltextruder.com\/wp-content\/uploads\/2024\/03\/HTGD-12-twin-screw-lab750.jpg\" class=\"attachment-large size-large wp-image-1859\" alt=\"twin screw lab hot melt extrusion line\" srcset=\"https:\/\/www.meltextruder.com\/wp-content\/uploads\/2024\/03\/HTGD-12-twin-screw-lab750.jpg 750w, https:\/\/www.meltextruder.com\/wp-content\/uploads\/2024\/03\/HTGD-12-twin-screw-lab750-300x178.jpg 300w\" sizes=\"(max-width: 750px) 100vw, 750px\" \/>\t\t\t\t\t\t\t\t\t\t\t\t\t\t\t<\/div>\n\t\t\t\t<\/div>\n\t\t\t\t<\/div>\n\t\t<div class=\"elementor-element elementor-element-17156cf8 e-con-full e-flex e-con e-child\" data-id=\"17156cf8\" data-element_type=\"container\">\n\t\t\t\t<div class=\"elementor-element elementor-element-6de63591 elementor-widget elementor-widget-heading\" data-id=\"6de63591\" data-element_type=\"widget\" data-widget_type=\"heading.default\">\n\t\t\t\t<div class=\"elementor-widget-container\">\n\t\t\t\t\t<h2 class=\"elementor-heading-title elementor-size-default\">Doppelschnecken-Hei\u00dfschmelzextrusionsanlage<\/h2>\t\t\t\t<\/div>\n\t\t\t\t<\/div>\n\t\t\t\t<div class=\"elementor-element elementor-element-7c299f0f elementor-widget elementor-widget-text-editor\" data-id=\"7c299f0f\" data-element_type=\"widget\" data-widget_type=\"text-editor.default\">\n\t\t\t\t<div class=\"elementor-widget-container\">\n\t\t\t\t\t\t\t\t\t<p>Die HTGD-12-Doppelschnecken-Laborextrusionsanlage f\u00fcr Schmelzklebstoffe wird haupts\u00e4chlich zum Mischen und Compoundieren in der Polymerverarbeitung eingesetzt und hat sich auf andere Anwendungen zur Entwicklung neuer Materialien ausgedehnt. Sie er\u00f6ffnet viele M\u00f6glichkeiten f\u00fcr Ihre F&amp;E- und Produktionsumgebung und f\u00f6rdert die schnelle und zuverl\u00e4ssige Materialentwicklung in der Polymer-, Lebensmittel- oder Pharmaindustrie.<\/p><p>Es handelt sich um ein hochmodulares, flexibles Extrusionssystem und ist ein ideales Instrument f\u00fcr Tests im Laborma\u00dfstab. Sein modularer Aufbau erm\u00f6glicht die optimale Anpassung der Schnecken an die Anwendung und die Produktanforderungen. Alle produktber\u00fchrenden Teile sind aus rostfreiem Stahl gefertigt, unbedenklich f\u00fcr den Menschen.<\/p>\t\t\t\t\t\t\t\t<\/div>\n\t\t\t\t<\/div>\n\t\t\t\t<\/div>\n\t\t\t\t\t<\/div>\n\t\t\t\t<\/div>\n\t\t<div class=\"elementor-element elementor-element-4f84f96f e-flex e-con-boxed e-con e-parent\" data-id=\"4f84f96f\" data-element_type=\"container\">\n\t\t\t\t\t<div class=\"e-con-inner\">\n\t\t\t\t<div class=\"elementor-element elementor-element-28bded0b elementor-widget elementor-widget-heading\" data-id=\"28bded0b\" data-element_type=\"widget\" data-widget_type=\"heading.default\">\n\t\t\t\t<div class=\"elementor-widget-container\">\n\t\t\t\t\t<h3 class=\"elementor-heading-title elementor-size-default\">Funktionen und Merkmale<\/h3>\t\t\t\t<\/div>\n\t\t\t\t<\/div>\n\t\t\t\t<div class=\"elementor-element elementor-element-6645a06d elementor-widget elementor-widget-text-editor\" data-id=\"6645a06d\" data-element_type=\"widget\" data-widget_type=\"text-editor.default\">\n\t\t\t\t<div class=\"elementor-widget-container\">\n\t\t\t\t\t\t\t\t\t<ol><li>Eng ineinandergreifendes Schraubenprofil, sehr leicht zu reinigen.<\/li><li>Modulares Baukastensystem f\u00fcr Schraubenelemente.<\/li><li>Jedes Fass hat eine Temperaturzone f\u00fcr eine optimale Verarbeitung.<\/li><li>Spezielle Misch- und Scherelemente mit unterschiedlichen Wirkungen f\u00fcr hohe Prozessflexibilit\u00e4t.<\/li><li>Motor, Getriebe und Verarbeitungsteil sind auf einem gemeinsamen Grundrahmen montiert.<\/li><li>Benutzerfreundliches PLC-Bedienfeld.<\/li><\/ol>\t\t\t\t\t\t\t\t<\/div>\n\t\t\t\t<\/div>\n\t\t\t\t<div class=\"elementor-element elementor-element-67e5771f elementor-widget elementor-widget-heading\" data-id=\"67e5771f\" data-element_type=\"widget\" data-widget_type=\"heading.default\">\n\t\t\t\t<div class=\"elementor-widget-container\">\n\t\t\t\t\t<h3 class=\"elementor-heading-title elementor-size-default\">Spezifikation<\/h3>\t\t\t\t<\/div>\n\t\t\t\t<\/div>\n\t\t\t\t<div class=\"elementor-element elementor-element-7373d283 elementor-widget elementor-widget-text-editor\" data-id=\"7373d283\" data-element_type=\"widget\" data-widget_type=\"text-editor.default\">\n\t\t\t\t<div class=\"elementor-widget-container\">\n\t\t\t\t\t\t\t\t\t<table width=\"633\"><tbody><tr><td width=\"113\"><p>Name<\/p><\/td><td width=\"180\"><p><strong>Inhalt<\/strong><\/p><\/td><td width=\"340\"><p>Spezifikation<\/p><\/td><\/tr><tr><td rowspan=\"10\" width=\"113\"><h3 class=\"elementor-heading-title elementor-size-default elementor-inline-editing pen\" style=\"font-style: normal; margin-bottom: 0px;\" data-elementor-setting-key=\"title\" data-pen-placeholder=\"Type Here...\">Hei\u00dfschmelzextrusionsanlage<\/h3><\/td><td width=\"180\"><p>Anmeldung<\/p><\/td><td width=\"340\"><p>Lebensmittel, Pharmazeutika, Verbundwerkstoffe usw.<\/p><\/td><\/tr><tr><td width=\"180\"><p>Durchmesser der Schraube<\/p><\/td><td width=\"340\"><p>11,8 mm<\/p><\/td><\/tr><tr><td width=\"180\"><p>Schnecken-L\/D-Verh\u00e4ltnis<\/p><\/td><td width=\"340\"><p>40\uff1a1<\/p><\/td><\/tr><tr><td width=\"180\"><p>Motorleistung<\/p><\/td><td width=\"340\"><p>1kW<\/p><\/td><\/tr><tr><td width=\"180\"><p>Ausgabe<\/p><\/td><td width=\"340\"><p>0,1-1kg\/h\uff08Abh\u00e4ngig von Material und Rezeptur\uff09<\/p><\/td><\/tr><tr><td width=\"180\"><p>Maximale Drehgeschwindigkeit<\/p><\/td><td width=\"340\"><p>600 Umdrehungen pro Minute<\/p><\/td><\/tr><tr><td width=\"180\"><p>Max. Temperatur<\/p><\/td><td width=\"340\"><p>350\u2103<\/p><\/td><\/tr><tr><td width=\"180\"><p>Genauigkeit der Temperaturregelung<\/p><\/td><td width=\"340\"><p>\u00b11\u2103<\/p><\/td><\/tr><tr><td width=\"180\"><p>Betriebsspannung<\/p><\/td><td width=\"340\"><p>220V\u00b110% \uff0c50Hz<\/p><\/td><\/tr><tr><td width=\"180\"><p>Kontrollmethode<\/p><\/td><td width=\"340\"><p>Siemens PLC-Steuerung\u00a0<\/p><\/td><\/tr><\/tbody><\/table>\t\t\t\t\t\t\t\t<\/div>\n\t\t\t\t<\/div>\n\t\t\t\t\t<\/div>\n\t\t\t\t<\/div>\n\t\t\t\t<\/div>","protected":false},"excerpt":{"rendered":"<p>Twin Screw Hot Melt Extrusion Line HTGD-12 twin screw lab hot melt extrusion line is mainly for mixing and compounding in polymer processing and has expanded into other applications for new material development. It opens up many possibilities for your R&amp;D and manufacturing environment, promoting fast and reliable material development in the polymer, food, or [&hellip;]<\/p>\n","protected":false},"author":1,"featured_media":1859,"parent":1677,"menu_order":0,"comment_status":"closed","ping_status":"closed","template":"","meta":{"site-sidebar-layout":"no-sidebar","site-content-layout":"page-builder","ast-site-content-layout":"full-width-container","site-content-style":"default","site-sidebar-style":"default","ast-global-header-display":"","ast-banner-title-visibility":"","ast-main-header-display":"","ast-hfb-above-header-display":"","ast-hfb-below-header-display":"","ast-hfb-mobile-header-display":"","site-post-title":"disabled","ast-breadcrumbs-content":"","ast-featured-img":"disabled","footer-sml-layout":"","theme-transparent-header-meta":"","adv-header-id-meta":"","stick-header-meta":"","header-above-stick-meta":"","header-main-stick-meta":"","header-below-stick-meta":"","astra-migrate-meta-layouts":"set","ast-page-background-enabled":"default","ast-page-background-meta":{"desktop":{"background-color":"var(--ast-global-color-4)","background-image":"","background-repeat":"repeat","background-position":"center center","background-size":"auto","background-attachment":"scroll","background-type":"","background-media":"","overlay-type":"","overlay-color":"","overlay-gradient":""},"tablet":{"background-color":"","background-image":"","background-repeat":"repeat","background-position":"center center","background-size":"auto","background-attachment":"scroll","background-type":"","background-media":"","overlay-type":"","overlay-color":"","overlay-gradient":""},"mobile":{"background-color":"","background-image":"","background-repeat":"repeat","background-position":"center center","background-size":"auto","background-attachment":"scroll","background-type":"","background-media":"","overlay-type":"","overlay-color":"","overlay-gradient":""}},"ast-content-background-meta":{"desktop":{"background-color":"var(--ast-global-color-5)","background-image":"","background-repeat":"repeat","background-position":"center center","background-size":"auto","background-attachment":"scroll","background-type":"","background-media":"","overlay-type":"","overlay-color":"","overlay-gradient":""},"tablet":{"background-color":"var(--ast-global-color-5)","background-image":"","background-repeat":"repeat","background-position":"center center","background-size":"auto","background-attachment":"scroll","background-type":"","background-media":"","overlay-type":"","overlay-color":"","overlay-gradient":""},"mobile":{"background-color":"var(--ast-global-color-5)","background-image":"","background-repeat":"repeat","background-position":"center center","background-size":"auto","background-attachment":"scroll","background-type":"","background-media":"","overlay-type":"","overlay-color":"","overlay-gradient":""}},"footnotes":""},"class_list":["post-1857","page","type-page","status-publish","has-post-thumbnail","hentry"],"_links":{"self":[{"href":"https:\/\/www.meltextruder.com\/de\/wp-json\/wp\/v2\/pages\/1857","targetHints":{"allow":["GET"]}}],"collection":[{"href":"https:\/\/www.meltextruder.com\/de\/wp-json\/wp\/v2\/pages"}],"about":[{"href":"https:\/\/www.meltextruder.com\/de\/wp-json\/wp\/v2\/types\/page"}],"author":[{"embeddable":true,"href":"https:\/\/www.meltextruder.com\/de\/wp-json\/wp\/v2\/users\/1"}],"replies":[{"embeddable":true,"href":"https:\/\/www.meltextruder.com\/de\/wp-json\/wp\/v2\/comments?post=1857"}],"version-history":[{"count":4,"href":"https:\/\/www.meltextruder.com\/de\/wp-json\/wp\/v2\/pages\/1857\/revisions"}],"predecessor-version":[{"id":1862,"href":"https:\/\/www.meltextruder.com\/de\/wp-json\/wp\/v2\/pages\/1857\/revisions\/1862"}],"up":[{"embeddable":true,"href":"https:\/\/www.meltextruder.com\/de\/wp-json\/wp\/v2\/pages\/1677"}],"wp:featuredmedia":[{"embeddable":true,"href":"https:\/\/www.meltextruder.com\/de\/wp-json\/wp\/v2\/media\/1859"}],"wp:attachment":[{"href":"https:\/\/www.meltextruder.com\/de\/wp-json\/wp\/v2\/media?parent=1857"}],"curies":[{"name":"wp","href":"https:\/\/api.w.org\/{rel}","templated":true}]}}