{"id":1834,"date":"2024-03-03T19:44:55","date_gmt":"2024-03-03T11:44:55","guid":{"rendered":"https:\/\/www.meltextruder.com\/?page_id=1834"},"modified":"2024-03-27T16:18:27","modified_gmt":"2024-03-27T08:18:27","slug":"desktop-pelletizing-extrusion-line","status":"publish","type":"page","link":"https:\/\/www.meltextruder.com\/de\/products\/desktop-pelletizing-extrusion-line","title":{"rendered":"Desktop-Pelletier-Extrusionsanlage"},"content":{"rendered":"<div data-elementor-type=\"wp-page\" data-elementor-id=\"1834\" class=\"elementor elementor-1834\" data-elementor-post-type=\"page\">\n\t\t\t\t<div class=\"elementor-element elementor-element-7238a150 e-flex e-con-boxed e-con e-parent\" data-id=\"7238a150\" data-element_type=\"container\">\n\t\t\t\t\t<div class=\"e-con-inner\">\n\t\t<div class=\"elementor-element elementor-element-7d900a4a e-con-full e-flex e-con e-child\" data-id=\"7d900a4a\" data-element_type=\"container\">\n\t\t\t\t<div class=\"elementor-element elementor-element-1f2afcf7 elementor-widget elementor-widget-image\" data-id=\"1f2afcf7\" data-element_type=\"widget\" data-widget_type=\"image.default\">\n\t\t\t\t<div class=\"elementor-widget-container\">\n\t\t\t\t\t\t\t\t\t\t\t\t\t\t\t<img fetchpriority=\"high\" decoding=\"async\" width=\"750\" height=\"500\" src=\"https:\/\/www.meltextruder.com\/wp-content\/uploads\/2024\/03\/Pelletizing-Extrusion-Line750.jpg\" class=\"attachment-large size-large wp-image-1836\" alt=\"Pelletizing-Extrusion-Line\" srcset=\"https:\/\/www.meltextruder.com\/wp-content\/uploads\/2024\/03\/Pelletizing-Extrusion-Line750.jpg 750w, https:\/\/www.meltextruder.com\/wp-content\/uploads\/2024\/03\/Pelletizing-Extrusion-Line750-300x200.jpg 300w\" sizes=\"(max-width: 750px) 100vw, 750px\" \/>\t\t\t\t\t\t\t\t\t\t\t\t\t\t\t<\/div>\n\t\t\t\t<\/div>\n\t\t\t\t<\/div>\n\t\t<div class=\"elementor-element elementor-element-247b0201 e-con-full e-flex e-con e-child\" data-id=\"247b0201\" data-element_type=\"container\">\n\t\t\t\t<div class=\"elementor-element elementor-element-5fd68830 elementor-widget elementor-widget-heading\" data-id=\"5fd68830\" data-element_type=\"widget\" data-widget_type=\"heading.default\">\n\t\t\t\t<div class=\"elementor-widget-container\">\n\t\t\t\t\t<h2 class=\"elementor-heading-title elementor-size-default\">Desktop-Pelletier-Extrusionsanlage<\/h2>\t\t\t\t<\/div>\n\t\t\t\t<\/div>\n\t\t\t\t<div class=\"elementor-element elementor-element-2eff8bfc elementor-widget elementor-widget-text-editor\" data-id=\"2eff8bfc\" data-element_type=\"widget\" data-widget_type=\"text-editor.default\">\n\t\t\t\t<div class=\"elementor-widget-container\">\n\t\t\t\t\t\t\t\t\t<p>Eine Tischgranulieranlage besteht aus einem Einschneckenextruder, einem Wassertank und einer Granulieranlage. Es handelt sich um eine kompakte und oft tragbare Maschine, die in der Kunststoffindustrie zur Umwandlung von Kunststoffen in Granulat verwendet wird. Sie ist so konzipiert, dass sie im Vergleich zu gr\u00f6\u00dferen industriellen Granulierextrusionsanlagen eine kleinere Granulatproduktion erm\u00f6glicht.<\/p><p>Kleine Granulierextrusionsanlagen werden h\u00e4ufig in Forschungslabors, kleinen Produktionsst\u00e4tten oder Bildungseinrichtungen eingesetzt, wo der Platz begrenzt ist und kleinere Chargen von Granulaten ben\u00f6tigt werden.\u00a0<\/p>\t\t\t\t\t\t\t\t<\/div>\n\t\t\t\t<\/div>\n\t\t\t\t<\/div>\n\t\t\t\t\t<\/div>\n\t\t\t\t<\/div>\n\t\t<div class=\"elementor-element elementor-element-2151a8fa e-flex e-con-boxed e-con e-parent\" data-id=\"2151a8fa\" data-element_type=\"container\">\n\t\t\t\t\t<div class=\"e-con-inner\">\n\t\t\t\t<div class=\"elementor-element elementor-element-5c71c6b0 elementor-widget elementor-widget-heading\" data-id=\"5c71c6b0\" data-element_type=\"widget\" data-widget_type=\"heading.default\">\n\t\t\t\t<div class=\"elementor-widget-container\">\n\t\t\t\t\t<h3 class=\"elementor-heading-title elementor-size-default\">Funktionen und Merkmale<\/h3>\t\t\t\t<\/div>\n\t\t\t\t<\/div>\n\t\t\t\t<div class=\"elementor-element elementor-element-5db2a61b elementor-widget elementor-widget-text-editor\" data-id=\"5db2a61b\" data-element_type=\"widget\" data-widget_type=\"text-editor.default\">\n\t\t\t\t<div class=\"elementor-widget-container\">\n\t\t\t\t\t\t\t\t\t<ul><li>Die Verwendung eines internationalen Markenmotors f\u00fcr den Extruder sorgt f\u00fcr eine stabile und konstante Plastifizierung.<\/li><li>Verwendung eines brandneuen Druck- und Temperatursensors zur Gew\u00e4hrleistung hochgenauer Daten.<\/li><li>Mit SIEMENS TFT-Touchscreen und SIEMENS PLC-Steuerung, die sehr intelligent und einfach zu bedienen sind.<\/li><li>Doppelte Absicherung von Maschinen und elektrischen Ger\u00e4ten.<\/li><li>Aufbewahrung von Rezepten.<\/li><\/ul>\t\t\t\t\t\t\t\t<\/div>\n\t\t\t\t<\/div>\n\t\t\t\t<div class=\"elementor-element elementor-element-6b3072bb elementor-widget elementor-widget-heading\" data-id=\"6b3072bb\" data-element_type=\"widget\" data-widget_type=\"heading.default\">\n\t\t\t\t<div class=\"elementor-widget-container\">\n\t\t\t\t\t<h3 class=\"elementor-heading-title elementor-size-default\">Spezifikation<\/h3>\t\t\t\t<\/div>\n\t\t\t\t<\/div>\n\t\t\t\t<div class=\"elementor-element elementor-element-549e8b28 elementor-widget elementor-widget-text-editor\" data-id=\"549e8b28\" data-element_type=\"widget\" data-widget_type=\"text-editor.default\">\n\t\t\t\t<div class=\"elementor-widget-container\">\n\t\t\t\t\t\t\t\t\t<table width=\"525\"><tbody><tr><td width=\"249\"><p><strong>Artikel Nr.<\/strong><\/p><\/td><td width=\"276\"><p><strong>MP19<\/strong><\/p><\/td><\/tr><tr><td><p><strong>Durchmesser der Schraube<\/strong><\/p><\/td><td width=\"276\"><p><strong>19mm<\/strong><\/p><\/td><\/tr><tr><td><p><strong>L\/D<\/strong><\/p><\/td><td width=\"276\"><p><strong>25\/1<\/strong><\/p><\/td><\/tr><tr><td><p><strong>Motorleistung<\/strong><\/p><\/td><td width=\"276\"><p><strong>1,5 kW<\/strong><\/p><\/td><\/tr><tr><td><p><strong>Ausgabe<\/strong><\/p><\/td><td width=\"276\"><p><strong>0,2~2kg\/h<\/strong><\/p><\/td><\/tr><tr><td><p><strong>Durchmesser der Matrize<\/strong><\/p><\/td><td width=\"276\"><p><strong>3,5 mm<\/strong><\/p><\/td><\/tr><tr><td><p><strong>Durchmesser des Filaments<\/strong><\/p><\/td><td width=\"276\"><p><strong>1~2mm<\/strong><\/p><\/td><\/tr><tr><td><p><strong>Max. Temp. (<\/strong><strong>\u2103)<\/strong><\/p><\/td><td width=\"276\"><p><strong>350<\/strong><\/p><\/td><\/tr><tr><td><p><strong>Genauigkeit der Temperaturregelung (<\/strong><strong>\u2103)<\/strong><\/p><\/td><td width=\"276\"><p><strong>\u00b11<\/strong><\/p><\/td><\/tr><tr><td><p><strong>Abmessungen (mm)<\/strong><\/p><\/td><td width=\"276\"><p><strong>2330<\/strong><strong>\u00d7465\u00d7570 mm<\/strong><\/p><\/td><\/tr><\/tbody><\/table>\t\t\t\t\t\t\t\t<\/div>\n\t\t\t\t<\/div>\n\t\t\t\t\t<\/div>\n\t\t\t\t<\/div>\n\t\t\t\t<\/div>","protected":false},"excerpt":{"rendered":"<p>Desktop Pelletizing Extrusion Line A Desktop Pelletizing Extrusion Line is composed of single screw extruder, water tank, and pelletizer. It is compact and often portable machine used in the plastic industry for converting plastic materials into pellets. It&#8217;s designed to offer smaller-scale pellet production capabilities compared to larger industrial pelletizing extrusion lines. Small pelletizing extrusion [&hellip;]<\/p>\n","protected":false},"author":1,"featured_media":1836,"parent":1677,"menu_order":0,"comment_status":"closed","ping_status":"closed","template":"","meta":{"site-sidebar-layout":"no-sidebar","site-content-layout":"page-builder","ast-site-content-layout":"full-width-container","site-content-style":"default","site-sidebar-style":"default","ast-global-header-display":"","ast-banner-title-visibility":"","ast-main-header-display":"","ast-hfb-above-header-display":"","ast-hfb-below-header-display":"","ast-hfb-mobile-header-display":"","site-post-title":"disabled","ast-breadcrumbs-content":"","ast-featured-img":"disabled","footer-sml-layout":"","theme-transparent-header-meta":"","adv-header-id-meta":"","stick-header-meta":"","header-above-stick-meta":"","header-main-stick-meta":"","header-below-stick-meta":"","astra-migrate-meta-layouts":"set","ast-page-background-enabled":"default","ast-page-background-meta":{"desktop":{"background-color":"var(--ast-global-color-4)","background-image":"","background-repeat":"repeat","background-position":"center center","background-size":"auto","background-attachment":"scroll","background-type":"","background-media":"","overlay-type":"","overlay-color":"","overlay-gradient":""},"tablet":{"background-color":"","background-image":"","background-repeat":"repeat","background-position":"center center","background-size":"auto","background-attachment":"scroll","background-type":"","background-media":"","overlay-type":"","overlay-color":"","overlay-gradient":""},"mobile":{"background-color":"","background-image":"","background-repeat":"repeat","background-position":"center center","background-size":"auto","background-attachment":"scroll","background-type":"","background-media":"","overlay-type":"","overlay-color":"","overlay-gradient":""}},"ast-content-background-meta":{"desktop":{"background-color":"var(--ast-global-color-5)","background-image":"","background-repeat":"repeat","background-position":"center center","background-size":"auto","background-attachment":"scroll","background-type":"","background-media":"","overlay-type":"","overlay-color":"","overlay-gradient":""},"tablet":{"background-color":"var(--ast-global-color-5)","background-image":"","background-repeat":"repeat","background-position":"center center","background-size":"auto","background-attachment":"scroll","background-type":"","background-media":"","overlay-type":"","overlay-color":"","overlay-gradient":""},"mobile":{"background-color":"var(--ast-global-color-5)","background-image":"","background-repeat":"repeat","background-position":"center center","background-size":"auto","background-attachment":"scroll","background-type":"","background-media":"","overlay-type":"","overlay-color":"","overlay-gradient":""}},"footnotes":""},"class_list":["post-1834","page","type-page","status-publish","has-post-thumbnail","hentry"],"_links":{"self":[{"href":"https:\/\/www.meltextruder.com\/de\/wp-json\/wp\/v2\/pages\/1834","targetHints":{"allow":["GET"]}}],"collection":[{"href":"https:\/\/www.meltextruder.com\/de\/wp-json\/wp\/v2\/pages"}],"about":[{"href":"https:\/\/www.meltextruder.com\/de\/wp-json\/wp\/v2\/types\/page"}],"author":[{"embeddable":true,"href":"https:\/\/www.meltextruder.com\/de\/wp-json\/wp\/v2\/users\/1"}],"replies":[{"embeddable":true,"href":"https:\/\/www.meltextruder.com\/de\/wp-json\/wp\/v2\/comments?post=1834"}],"version-history":[{"count":13,"href":"https:\/\/www.meltextruder.com\/de\/wp-json\/wp\/v2\/pages\/1834\/revisions"}],"predecessor-version":[{"id":1875,"href":"https:\/\/www.meltextruder.com\/de\/wp-json\/wp\/v2\/pages\/1834\/revisions\/1875"}],"up":[{"embeddable":true,"href":"https:\/\/www.meltextruder.com\/de\/wp-json\/wp\/v2\/pages\/1677"}],"wp:featuredmedia":[{"embeddable":true,"href":"https:\/\/www.meltextruder.com\/de\/wp-json\/wp\/v2\/media\/1836"}],"wp:attachment":[{"href":"https:\/\/www.meltextruder.com\/de\/wp-json\/wp\/v2\/media?parent=1834"}],"curies":[{"name":"wp","href":"https:\/\/api.w.org\/{rel}","templated":true}]}}