{"id":1798,"date":"2024-02-28T20:03:04","date_gmt":"2024-02-28T12:03:04","guid":{"rendered":"https:\/\/www.meltextruder.com\/?page_id=1798"},"modified":"2025-09-02T15:55:17","modified_gmt":"2025-09-02T07:55:17","slug":"lab-single-screw-extruder-machine-2","status":"publish","type":"page","link":"https:\/\/www.meltextruder.com\/de\/products\/lab-single-screw-extruder-machine-2","title":{"rendered":"Labor-Extruder mit einer Schraube"},"content":{"rendered":"<div data-elementor-type=\"wp-page\" data-elementor-id=\"1798\" class=\"elementor elementor-1798\" data-elementor-post-type=\"page\">\n\t\t\t\t<div class=\"elementor-element elementor-element-3327e75 e-flex e-con-boxed e-con e-parent\" data-id=\"3327e75\" data-element_type=\"container\">\n\t\t\t\t\t<div class=\"e-con-inner\">\n\t\t<div class=\"elementor-element elementor-element-66fb81d e-con-full e-flex e-con e-child\" data-id=\"66fb81d\" data-element_type=\"container\">\n\t\t\t\t<div class=\"elementor-element elementor-element-5efab8d elementor-widget elementor-widget-image\" data-id=\"5efab8d\" data-element_type=\"widget\" data-widget_type=\"image.default\">\n\t\t\t\t<div class=\"elementor-widget-container\">\n\t\t\t\t\t\t\t\t\t\t\t\t\t\t\t<img fetchpriority=\"high\" decoding=\"async\" width=\"800\" height=\"599\" src=\"https:\/\/www.meltextruder.com\/wp-content\/uploads\/2024\/03\/single-extruder800.jpg\" class=\"attachment-large size-large wp-image-1769\" alt=\"single-screw extruder800\" srcset=\"https:\/\/www.meltextruder.com\/wp-content\/uploads\/2024\/03\/single-extruder800.jpg 800w, https:\/\/www.meltextruder.com\/wp-content\/uploads\/2024\/03\/single-extruder800-300x225.jpg 300w, https:\/\/www.meltextruder.com\/wp-content\/uploads\/2024\/03\/single-extruder800-768x575.jpg 768w\" sizes=\"(max-width: 800px) 100vw, 800px\" \/>\t\t\t\t\t\t\t\t\t\t\t\t\t\t\t<\/div>\n\t\t\t\t<\/div>\n\t\t\t\t<\/div>\n\t\t<div class=\"elementor-element elementor-element-8a27f3b e-con-full e-flex e-con e-child\" data-id=\"8a27f3b\" data-element_type=\"container\">\n\t\t\t\t<div class=\"elementor-element elementor-element-db6cf46 elementor-widget elementor-widget-heading\" data-id=\"db6cf46\" data-element_type=\"widget\" data-widget_type=\"heading.default\">\n\t\t\t\t<div class=\"elementor-widget-container\">\n\t\t\t\t\t<h2 class=\"elementor-heading-title elementor-size-default\">Labor-Einschneckenextruder<\/h2>\t\t\t\t<\/div>\n\t\t\t\t<\/div>\n\t\t\t\t<div class=\"elementor-element elementor-element-2b6d5db elementor-widget elementor-widget-text-editor\" data-id=\"2b6d5db\" data-element_type=\"widget\" data-widget_type=\"text-editor.default\">\n\t\t\t\t<div class=\"elementor-widget-container\">\n\t\t\t\t\t\t\t\t\t<p>Der Laborextruder mit einer Schraube eignet sich f\u00fcr verschiedene Arbeitsumgebungen. Die Flexibilit\u00e4t des Produkts erm\u00f6glicht es dem Benutzer, verschiedene Hilfsmaschinen frei nach seinen Bed\u00fcrfnissen zu wechseln, was dem Benutzer hilft, eine genauere und effizientere Erfahrung zu machen.<\/p><p>Zusatzmaschine optional: Pelletizer, Dreiwalzenkalander, Blasfolienmaschine, Filament-\/Rohrhilfsmaschine usw.<\/p><p>Ob f\u00fcr den Privatgebrauch oder f\u00fcr Unternehmen, unsere Produkte erf\u00fcllen Ihre Anforderungen und bieten Ihnen innovative, effiziente und flexible L\u00f6sungen.<\/p>\t\t\t\t\t\t\t\t<\/div>\n\t\t\t\t<\/div>\n\t\t\t\t<\/div>\n\t\t\t\t\t<\/div>\n\t\t\t\t<\/div>\n\t\t<div class=\"elementor-element elementor-element-6cb86d5 e-flex e-con-boxed e-con e-parent\" data-id=\"6cb86d5\" data-element_type=\"container\">\n\t\t\t\t\t<div class=\"e-con-inner\">\n\t\t\t\t<div class=\"elementor-element elementor-element-377c0a2 elementor-widget elementor-widget-heading\" data-id=\"377c0a2\" data-element_type=\"widget\" data-widget_type=\"heading.default\">\n\t\t\t\t<div class=\"elementor-widget-container\">\n\t\t\t\t\t<h3 class=\"elementor-heading-title elementor-size-default\">Anmeldung<\/h3>\t\t\t\t<\/div>\n\t\t\t\t<\/div>\n\t\t\t\t<div class=\"elementor-element elementor-element-1d3a7cd elementor-widget elementor-widget-text-editor\" data-id=\"1d3a7cd\" data-element_type=\"widget\" data-widget_type=\"text-editor.default\">\n\t\t\t\t<div class=\"elementor-widget-container\">\n\t\t\t\t\t\t\t\t\t<ul><li>Entwicklung neuer Produkte und Optimierung von Formeln<\/li><li>Materialauswahl und Entwicklung<\/li><li>Simulierter Unterricht f\u00fcr Lern- und Forschungsinstitute<\/li><li>Vorbereitung von Laborproben<\/li><\/ul>\t\t\t\t\t\t\t\t<\/div>\n\t\t\t\t<\/div>\n\t\t\t\t<div class=\"elementor-element elementor-element-7acdbd5 elementor-widget elementor-widget-heading\" data-id=\"7acdbd5\" data-element_type=\"widget\" data-widget_type=\"heading.default\">\n\t\t\t\t<div class=\"elementor-widget-container\">\n\t\t\t\t\t<h3 class=\"elementor-heading-title elementor-size-default\">Spezifikation<\/h3>\t\t\t\t<\/div>\n\t\t\t\t<\/div>\n\t\t\t\t<div class=\"elementor-element elementor-element-4e2316f elementor-widget elementor-widget-text-editor\" data-id=\"4e2316f\" data-element_type=\"widget\" data-widget_type=\"text-editor.default\">\n\t\t\t\t<div class=\"elementor-widget-container\">\n\t\t\t\t\t\t\t\t\t<table width=\"789\"><tbody><tr><td width=\"197\">Modell<\/td><td width=\"170\">HTES-20<\/td><td width=\"135\">HTES-25<\/td><td width=\"140\">HTES-30<\/td><td width=\"147\">HTES-35<\/td><\/tr><tr><td>Schraubendurchmesser (mm)<\/td><td>20<\/td><td>25<\/td><td>30<\/td><td>35<\/td><\/tr><tr><td>L\/D-Verh\u00e4ltnis<\/td><td>28<\/td><td>28<\/td><td>30<\/td><td>30<\/td><\/tr><tr><td>Motorleistung(kW)<\/td><td>3<\/td><td>4<\/td><td>5.5<\/td><td>7.5<\/td><\/tr><tr><td>Rotationsgeschwindigkeit (U\/min)<\/td><td>120<\/td><td>120<\/td><td>120<\/td><td>120<\/td><\/tr><tr><td>Max.Temp.(\u2103)<\/td><td>350<\/td><td>350<\/td><td>350<\/td><td>350<\/td><\/tr><tr><td>Temp. Regelgenauigkeit(\u2103)<\/td><td>\u00b11<\/td><td>\u00b11<\/td><td>\u00b11<\/td><td>\u00b11<\/td><\/tr><tr><td>Druckmessbereich (MPa)<\/td><td>0~35<\/td><td>0~35<\/td><td>0~35<\/td><td>0~35<\/td><\/tr><tr><td>0Durchsatz(kg\/h)<\/td><td>0.5 ~3<\/td><td>0.5~ 5<\/td><td>0.5~ 7<\/td><td>0.5~ 10<\/td><\/tr><tr><td>Gewicht (kg)<\/td><td>296<\/td><td>325<\/td><td>348<\/td><td>370<\/td><\/tr><tr><td>Abmessungen (mm)<\/td><td>1120x1115x1660<\/td><td>1260x1115x1660<\/td><td>1460x1115x1660\u00a0<\/td><td>1610x1215x1660<\/td><\/tr><\/tbody><\/table>\t\t\t\t\t\t\t\t<\/div>\n\t\t\t\t<\/div>\n\t\t\t\t\t<\/div>\n\t\t\t\t<\/div>\n\t\t\t\t<\/div>","protected":false},"excerpt":{"rendered":"<p>Lab Single Screw Extruder Lab Single Screw Extruder is suitable for various work environments, the products flexibility allows users change different auxiliary machines freely according their needs, which can help users achieve a more accurate and efficient experience. Auxiliary machine optional: Pelletizer, three roller calender , blow film machine , filament\/pipe auxiliary machine etc. Either [&hellip;]<\/p>\n","protected":false},"author":1,"featured_media":1769,"parent":1677,"menu_order":0,"comment_status":"closed","ping_status":"closed","template":"","meta":{"site-sidebar-layout":"no-sidebar","site-content-layout":"page-builder","ast-site-content-layout":"full-width-container","site-content-style":"default","site-sidebar-style":"default","ast-global-header-display":"","ast-banner-title-visibility":"","ast-main-header-display":"","ast-hfb-above-header-display":"","ast-hfb-below-header-display":"","ast-hfb-mobile-header-display":"","site-post-title":"disabled","ast-breadcrumbs-content":"","ast-featured-img":"disabled","footer-sml-layout":"","theme-transparent-header-meta":"","adv-header-id-meta":"","stick-header-meta":"","header-above-stick-meta":"","header-main-stick-meta":"","header-below-stick-meta":"","astra-migrate-meta-layouts":"set","ast-page-background-enabled":"default","ast-page-background-meta":{"desktop":{"background-color":"var(--ast-global-color-4)","background-image":"","background-repeat":"repeat","background-position":"center center","background-size":"auto","background-attachment":"scroll","background-type":"","background-media":"","overlay-type":"","overlay-color":"","overlay-gradient":""},"tablet":{"background-color":"","background-image":"","background-repeat":"repeat","background-position":"center center","background-size":"auto","background-attachment":"scroll","background-type":"","background-media":"","overlay-type":"","overlay-color":"","overlay-gradient":""},"mobile":{"background-color":"","background-image":"","background-repeat":"repeat","background-position":"center center","background-size":"auto","background-attachment":"scroll","background-type":"","background-media":"","overlay-type":"","overlay-color":"","overlay-gradient":""}},"ast-content-background-meta":{"desktop":{"background-color":"var(--ast-global-color-5)","background-image":"","background-repeat":"repeat","background-position":"center center","background-size":"auto","background-attachment":"scroll","background-type":"","background-media":"","overlay-type":"","overlay-color":"","overlay-gradient":""},"tablet":{"background-color":"var(--ast-global-color-5)","background-image":"","background-repeat":"repeat","background-position":"center center","background-size":"auto","background-attachment":"scroll","background-type":"","background-media":"","overlay-type":"","overlay-color":"","overlay-gradient":""},"mobile":{"background-color":"var(--ast-global-color-5)","background-image":"","background-repeat":"repeat","background-position":"center center","background-size":"auto","background-attachment":"scroll","background-type":"","background-media":"","overlay-type":"","overlay-color":"","overlay-gradient":""}},"footnotes":""},"class_list":["post-1798","page","type-page","status-publish","has-post-thumbnail","hentry"],"_links":{"self":[{"href":"https:\/\/www.meltextruder.com\/de\/wp-json\/wp\/v2\/pages\/1798","targetHints":{"allow":["GET"]}}],"collection":[{"href":"https:\/\/www.meltextruder.com\/de\/wp-json\/wp\/v2\/pages"}],"about":[{"href":"https:\/\/www.meltextruder.com\/de\/wp-json\/wp\/v2\/types\/page"}],"author":[{"embeddable":true,"href":"https:\/\/www.meltextruder.com\/de\/wp-json\/wp\/v2\/users\/1"}],"replies":[{"embeddable":true,"href":"https:\/\/www.meltextruder.com\/de\/wp-json\/wp\/v2\/comments?post=1798"}],"version-history":[{"count":17,"href":"https:\/\/www.meltextruder.com\/de\/wp-json\/wp\/v2\/pages\/1798\/revisions"}],"predecessor-version":[{"id":2284,"href":"https:\/\/www.meltextruder.com\/de\/wp-json\/wp\/v2\/pages\/1798\/revisions\/2284"}],"up":[{"embeddable":true,"href":"https:\/\/www.meltextruder.com\/de\/wp-json\/wp\/v2\/pages\/1677"}],"wp:featuredmedia":[{"embeddable":true,"href":"https:\/\/www.meltextruder.com\/de\/wp-json\/wp\/v2\/media\/1769"}],"wp:attachment":[{"href":"https:\/\/www.meltextruder.com\/de\/wp-json\/wp\/v2\/media?parent=1798"}],"curies":[{"name":"wp","href":"https:\/\/api.w.org\/{rel}","templated":true}]}}