{"id":1798,"date":"2024-02-28T20:03:04","date_gmt":"2024-02-28T12:03:04","guid":{"rendered":"https:\/\/www.meltextruder.com\/?page_id=1798"},"modified":"2025-09-02T15:55:17","modified_gmt":"2025-09-02T07:55:17","slug":"lab-single-screw-extruder-machine-2","status":"publish","type":"page","link":"https:\/\/www.meltextruder.com\/ar\/products\/lab-single-screw-extruder-machine-2","title":{"rendered":"\u0645\u0627\u0643\u064a\u0646\u0629 \u0627\u0644\u0628\u062b\u0642 \u0627\u0644\u0644\u0648\u0644\u0628\u064a\u0629 \u0627\u0644\u0623\u062d\u0627\u062f\u064a\u0629 \u0627\u0644\u0644\u0648\u0644\u0628 \u0627\u0644\u0645\u062e\u062a\u0628\u0631\u064a\u0629"},"content":{"rendered":"<div data-elementor-type=\"wp-page\" data-elementor-id=\"1798\" class=\"elementor elementor-1798\" data-elementor-post-type=\"page\">\n\t\t\t\t<div class=\"elementor-element elementor-element-3327e75 e-flex e-con-boxed e-con e-parent\" data-id=\"3327e75\" data-element_type=\"container\">\n\t\t\t\t\t<div class=\"e-con-inner\">\n\t\t<div class=\"elementor-element elementor-element-66fb81d e-con-full e-flex e-con e-child\" data-id=\"66fb81d\" data-element_type=\"container\">\n\t\t\t\t<div class=\"elementor-element elementor-element-5efab8d elementor-widget elementor-widget-image\" data-id=\"5efab8d\" data-element_type=\"widget\" data-widget_type=\"image.default\">\n\t\t\t\t<div class=\"elementor-widget-container\">\n\t\t\t\t\t\t\t\t\t\t\t\t\t\t\t<img fetchpriority=\"high\" decoding=\"async\" width=\"800\" height=\"599\" src=\"https:\/\/www.meltextruder.com\/wp-content\/uploads\/2024\/03\/single-extruder800.jpg\" class=\"attachment-large size-large wp-image-1769\" alt=\"single-screw extruder800\" srcset=\"https:\/\/www.meltextruder.com\/wp-content\/uploads\/2024\/03\/single-extruder800.jpg 800w, https:\/\/www.meltextruder.com\/wp-content\/uploads\/2024\/03\/single-extruder800-300x225.jpg 300w, https:\/\/www.meltextruder.com\/wp-content\/uploads\/2024\/03\/single-extruder800-768x575.jpg 768w\" sizes=\"(max-width: 800px) 100vw, 800px\" \/>\t\t\t\t\t\t\t\t\t\t\t\t\t\t\t<\/div>\n\t\t\t\t<\/div>\n\t\t\t\t<\/div>\n\t\t<div class=\"elementor-element elementor-element-8a27f3b e-con-full e-flex e-con e-child\" data-id=\"8a27f3b\" data-element_type=\"container\">\n\t\t\t\t<div class=\"elementor-element elementor-element-db6cf46 elementor-widget elementor-widget-heading\" data-id=\"db6cf46\" data-element_type=\"widget\" data-widget_type=\"heading.default\">\n\t\t\t\t<div class=\"elementor-widget-container\">\n\t\t\t\t\t<h2 class=\"elementor-heading-title elementor-size-default\">\u0622\u0644\u0629 \u0627\u0644\u0628\u062b\u0642 \u0627\u0644\u0644\u0648\u0644\u0628\u064a\u0629 \u0627\u0644\u0623\u062d\u0627\u062f\u064a\u0629 \u0627\u0644\u0644\u0648\u0644\u0628 \u0627\u0644\u0645\u062e\u062a\u0628\u0631\u064a\u0629<\/h2>\t\t\t\t<\/div>\n\t\t\t\t<\/div>\n\t\t\t\t<div class=\"elementor-element elementor-element-2b6d5db elementor-widget elementor-widget-text-editor\" data-id=\"2b6d5db\" data-element_type=\"widget\" data-widget_type=\"text-editor.default\">\n\t\t\t\t<div class=\"elementor-widget-container\">\n\t\t\t\t\t\t\t\t\t<p>\u0622\u0644\u0629 \u0627\u0644\u0628\u062b\u0642 \u0627\u0644\u0644\u0648\u0644\u0628\u064a\u0629 \u0627\u0644\u0645\u0641\u0631\u062f\u0629 \u0644\u0644\u0645\u062e\u062a\u0628\u0631 \u0645\u0646\u0627\u0633\u0628\u0629 \u0644\u0628\u064a\u0626\u0627\u062a \u0627\u0644\u0639\u0645\u0644 \u0627\u0644\u0645\u062e\u062a\u0644\u0641\u0629\u060c \u0648\u062a\u0633\u0645\u062d \u0645\u0631\u0648\u0646\u0629 \u0627\u0644\u0645\u0646\u062a\u062c\u0627\u062a \u0644\u0644\u0645\u0633\u062a\u062e\u062f\u0645\u064a\u0646 \u0628\u062a\u063a\u064a\u064a\u0631 \u0627\u0644\u0622\u0644\u0627\u062a \u0627\u0644\u0645\u0633\u0627\u0639\u062f\u0629 \u0627\u0644\u0645\u062e\u062a\u0644\u0641\u0629 \u0628\u062d\u0631\u064a\u0629 \u0648\u0641\u0642\u064b\u0627 \u0644\u0627\u062d\u062a\u064a\u0627\u062c\u0627\u062a\u0647\u0645\u060c \u0645\u0645\u0627 \u064a\u0633\u0627\u0639\u062f \u0627\u0644\u0645\u0633\u062a\u062e\u062f\u0645\u064a\u0646 \u0639\u0644\u0649 \u062a\u062d\u0642\u064a\u0642 \u062a\u062c\u0631\u0628\u0629 \u0623\u0643\u062b\u0631 \u062f\u0642\u0629 \u0648\u0643\u0641\u0627\u0621\u0629.<\/p><p>\u0622\u0644\u0629 \u0645\u0633\u0627\u0639\u062f\u0629 \u0627\u062e\u062a\u064a\u0627\u0631\u064a\u0629: \u0622\u0644\u0629 \u062a\u0643\u0648\u064a\u0631\u060c \u062a\u0642\u0648\u064a\u0645 \u062b\u0644\u0627\u062b\u064a \u0627\u0644\u0623\u0633\u0637\u0648\u0627\u0646\u0627\u062a\u060c \u0622\u0644\u0629 \u0646\u0641\u062e \u0627\u0644\u0623\u063a\u0634\u064a\u0629\u060c \u0622\u0644\u0629 \u0645\u0633\u0627\u0639\u062f\u0629 \u0644\u0644\u0634\u0631\u0627\u0626\u062d\/\u0627\u0644\u0623\u0646\u0627\u0628\u064a\u0628 \u0627\u0644\u062e.<\/p><p>\u0633\u0648\u0627\u0621 \u0644\u0644\u0627\u0633\u062a\u062e\u062f\u0627\u0645 \u0627\u0644\u0641\u0631\u062f\u064a \u0623\u0648 \u0644\u0644\u0623\u0639\u0645\u0627\u0644 \u0627\u0644\u062a\u062c\u0627\u0631\u064a\u0629\u060c \u064a\u0645\u0643\u0646 \u0623\u0646 \u062a\u0644\u0628\u064a \u0645\u0646\u062a\u062c\u0627\u062a\u0646\u0627 \u0627\u062d\u062a\u064a\u0627\u062c\u0627\u062a\u0643 \u0648\u062a\u0648\u0641\u0631 \u0644\u0643 \u062d\u0644\u0648\u0644\u0627\u064b \u0645\u0628\u062a\u0643\u0631\u0629 \u0648\u0641\u0639\u0627\u0644\u0629 \u0648\u0645\u0631\u0646\u0629.<\/p>\t\t\t\t\t\t\t\t<\/div>\n\t\t\t\t<\/div>\n\t\t\t\t<\/div>\n\t\t\t\t\t<\/div>\n\t\t\t\t<\/div>\n\t\t<div class=\"elementor-element elementor-element-6cb86d5 e-flex e-con-boxed e-con e-parent\" data-id=\"6cb86d5\" data-element_type=\"container\">\n\t\t\t\t\t<div class=\"e-con-inner\">\n\t\t\t\t<div class=\"elementor-element elementor-element-377c0a2 elementor-widget elementor-widget-heading\" data-id=\"377c0a2\" data-element_type=\"widget\" data-widget_type=\"heading.default\">\n\t\t\t\t<div class=\"elementor-widget-container\">\n\t\t\t\t\t<h3 class=\"elementor-heading-title elementor-size-default\">\u0627\u0644\u062a\u0637\u0628\u064a\u0642<\/h3>\t\t\t\t<\/div>\n\t\t\t\t<\/div>\n\t\t\t\t<div class=\"elementor-element elementor-element-1d3a7cd elementor-widget elementor-widget-text-editor\" data-id=\"1d3a7cd\" data-element_type=\"widget\" data-widget_type=\"text-editor.default\">\n\t\t\t\t<div class=\"elementor-widget-container\">\n\t\t\t\t\t\t\t\t\t<ul><li>\u062a\u0637\u0648\u064a\u0631 \u0627\u0644\u0645\u0646\u062a\u062c\u0627\u062a \u0627\u0644\u062c\u062f\u064a\u062f\u0629 \u0648\u062a\u062d\u0633\u064a\u0646 \u0627\u0644\u062a\u0631\u0643\u064a\u0628\u0629<\/li><li>\u0627\u062e\u062a\u064a\u0627\u0631 \u0627\u0644\u0645\u0648\u0627\u062f \u0648\u062a\u0637\u0648\u064a\u0631\u0647\u0627<\/li><li>\u0627\u0644\u062a\u062f\u0631\u064a\u0633 \u0628\u0627\u0644\u0645\u062d\u0627\u0643\u0627\u0629 \u0644\u0645\u0639\u0627\u0647\u062f \u0627\u0644\u062a\u0639\u0644\u0645 \u0648\u0627\u0644\u0628\u062d\u062b<\/li><li>\u062a\u062d\u0636\u064a\u0631 \u0627\u0644\u0639\u064a\u0646\u0627\u062a \u0627\u0644\u0645\u062e\u0628\u0631\u064a\u0629<\/li><\/ul>\t\t\t\t\t\t\t\t<\/div>\n\t\t\t\t<\/div>\n\t\t\t\t<div class=\"elementor-element elementor-element-7acdbd5 elementor-widget elementor-widget-heading\" data-id=\"7acdbd5\" data-element_type=\"widget\" data-widget_type=\"heading.default\">\n\t\t\t\t<div class=\"elementor-widget-container\">\n\t\t\t\t\t<h3 class=\"elementor-heading-title elementor-size-default\">\u0627\u0644\u0645\u0648\u0627\u0635\u0641\u0627\u062a<\/h3>\t\t\t\t<\/div>\n\t\t\t\t<\/div>\n\t\t\t\t<div class=\"elementor-element elementor-element-4e2316f elementor-widget elementor-widget-text-editor\" data-id=\"4e2316f\" data-element_type=\"widget\" data-widget_type=\"text-editor.default\">\n\t\t\t\t<div class=\"elementor-widget-container\">\n\t\t\t\t\t\t\t\t\t<table width=\"789\"><tbody><tr><td width=\"197\">\u0627\u0644\u0637\u0631\u0627\u0632<\/td><td width=\"170\">HTES-20<\/td><td width=\"135\">HTES-25<\/td><td width=\"140\">HTES-30<\/td><td width=\"147\">HTES-35<\/td><\/tr><tr><td>\u0642\u0637\u0631 \u0627\u0644\u0628\u0631\u063a\u064a (\u0645\u0645)<\/td><td>20<\/td><td>25<\/td><td>30<\/td><td>35<\/td><\/tr><tr><td>\u0646\u0633\u0628\u0629 L\/D<\/td><td>28<\/td><td>28<\/td><td>30<\/td><td>30<\/td><\/tr><tr><td>\u0637\u0627\u0642\u0629 \u0647\u0648\u062a\u0648\u0631 (\u0643\u064a\u0644\u0648\u0648\u0627\u0637)<\/td><td>3<\/td><td>4<\/td><td>5.5<\/td><td>7.5<\/td><\/tr><tr><td>\u0633\u0631\u0639\u0629 \u0627\u0644\u062f\u0648\u0631\u0627\u0646 (\u062f\u0648\u0631\u0629 \u0641\u064a \u0627\u0644\u062f\u0642\u064a\u0642\u0629)<\/td><td>120<\/td><td>120<\/td><td>120<\/td><td>120<\/td><\/tr><tr><td>\u062f\u0631\u062c\u0629 \u0627\u0644\u062d\u0631\u0627\u0631\u0629 \u0627\u0644\u0642\u0635\u0648\u0649 (\u2103)<\/td><td>350<\/td><td>350<\/td><td>350<\/td><td>350<\/td><\/tr><tr><td>\u062f\u0631\u062c\u0629 \u0627\u0644\u062d\u0631\u0627\u0631\u0629. \u062f\u0642\u0629 \u0627\u0644\u062a\u062d\u0643\u0645 (\u2103)<\/td><td>\u00b11<\/td><td>\u00b11<\/td><td>\u00b11<\/td><td>\u00b11<\/td><\/tr><tr><td>\u0646\u0637\u0627\u0642 \u0642\u064a\u0627\u0633 \u0627\u0644\u0636\u063a\u0637 (\u0645\u064a\u062c\u0627 \u0628\u0627\u0633\u0643\u0627\u0644)<\/td><td>0~35<\/td><td>0~35<\/td><td>0~35<\/td><td>0~35<\/td><\/tr><tr><td>0\u0627\u0644\u0625\u0646\u062a\u0627\u062c\u064a\u0629 (\u0643\u062c\u0645\/\u0633\u0627\u0639\u0629)<\/td><td>0.5 ~3<\/td><td>0.5~ 5<\/td><td>0.5~ 7<\/td><td>0.5~ 10<\/td><\/tr><tr><td>\u0627\u0644\u0648\u0632\u0646 (\u0628\u0627\u0644\u0643\u064a\u0644\u0648\u063a\u0631\u0627\u0645)<\/td><td>296<\/td><td>325<\/td><td>348<\/td><td>370<\/td><\/tr><tr><td>\u0627\u0644\u0623\u0628\u0639\u0627\u062f (\u0645\u0645)<\/td><td>1120 \u00d7 1120 \u00d7 1115 \u00d7 1660<\/td><td>1260 \u00d7 1115 \u00d7 1660<\/td><td>1460 \u00d7 1115 \u00d7 1660\u00a0<\/td><td>1610 \u00d7 1215 \u00d7 1660<\/td><\/tr><\/tbody><\/table>\t\t\t\t\t\t\t\t<\/div>\n\t\t\t\t<\/div>\n\t\t\t\t\t<\/div>\n\t\t\t\t<\/div>\n\t\t\t\t<\/div>","protected":false},"excerpt":{"rendered":"<p>Lab Single Screw Extruder Lab Single Screw Extruder is suitable for various work environments, the products flexibility allows users change different auxiliary machines freely according their needs, which can help users achieve a more accurate and efficient experience. Auxiliary machine optional: Pelletizer, three roller calender , blow film machine , filament\/pipe auxiliary machine etc. Either [&hellip;]<\/p>\n","protected":false},"author":1,"featured_media":1769,"parent":1677,"menu_order":0,"comment_status":"closed","ping_status":"closed","template":"","meta":{"site-sidebar-layout":"no-sidebar","site-content-layout":"page-builder","ast-site-content-layout":"full-width-container","site-content-style":"default","site-sidebar-style":"default","ast-global-header-display":"","ast-banner-title-visibility":"","ast-main-header-display":"","ast-hfb-above-header-display":"","ast-hfb-below-header-display":"","ast-hfb-mobile-header-display":"","site-post-title":"disabled","ast-breadcrumbs-content":"","ast-featured-img":"disabled","footer-sml-layout":"","theme-transparent-header-meta":"","adv-header-id-meta":"","stick-header-meta":"","header-above-stick-meta":"","header-main-stick-meta":"","header-below-stick-meta":"","astra-migrate-meta-layouts":"set","ast-page-background-enabled":"default","ast-page-background-meta":{"desktop":{"background-color":"var(--ast-global-color-4)","background-image":"","background-repeat":"repeat","background-position":"center center","background-size":"auto","background-attachment":"scroll","background-type":"","background-media":"","overlay-type":"","overlay-color":"","overlay-gradient":""},"tablet":{"background-color":"","background-image":"","background-repeat":"repeat","background-position":"center center","background-size":"auto","background-attachment":"scroll","background-type":"","background-media":"","overlay-type":"","overlay-color":"","overlay-gradient":""},"mobile":{"background-color":"","background-image":"","background-repeat":"repeat","background-position":"center center","background-size":"auto","background-attachment":"scroll","background-type":"","background-media":"","overlay-type":"","overlay-color":"","overlay-gradient":""}},"ast-content-background-meta":{"desktop":{"background-color":"var(--ast-global-color-5)","background-image":"","background-repeat":"repeat","background-position":"center center","background-size":"auto","background-attachment":"scroll","background-type":"","background-media":"","overlay-type":"","overlay-color":"","overlay-gradient":""},"tablet":{"background-color":"var(--ast-global-color-5)","background-image":"","background-repeat":"repeat","background-position":"center center","background-size":"auto","background-attachment":"scroll","background-type":"","background-media":"","overlay-type":"","overlay-color":"","overlay-gradient":""},"mobile":{"background-color":"var(--ast-global-color-5)","background-image":"","background-repeat":"repeat","background-position":"center center","background-size":"auto","background-attachment":"scroll","background-type":"","background-media":"","overlay-type":"","overlay-color":"","overlay-gradient":""}},"footnotes":""},"class_list":["post-1798","page","type-page","status-publish","has-post-thumbnail","hentry"],"_links":{"self":[{"href":"https:\/\/www.meltextruder.com\/ar\/wp-json\/wp\/v2\/pages\/1798","targetHints":{"allow":["GET"]}}],"collection":[{"href":"https:\/\/www.meltextruder.com\/ar\/wp-json\/wp\/v2\/pages"}],"about":[{"href":"https:\/\/www.meltextruder.com\/ar\/wp-json\/wp\/v2\/types\/page"}],"author":[{"embeddable":true,"href":"https:\/\/www.meltextruder.com\/ar\/wp-json\/wp\/v2\/users\/1"}],"replies":[{"embeddable":true,"href":"https:\/\/www.meltextruder.com\/ar\/wp-json\/wp\/v2\/comments?post=1798"}],"version-history":[{"count":17,"href":"https:\/\/www.meltextruder.com\/ar\/wp-json\/wp\/v2\/pages\/1798\/revisions"}],"predecessor-version":[{"id":2284,"href":"https:\/\/www.meltextruder.com\/ar\/wp-json\/wp\/v2\/pages\/1798\/revisions\/2284"}],"up":[{"embeddable":true,"href":"https:\/\/www.meltextruder.com\/ar\/wp-json\/wp\/v2\/pages\/1677"}],"wp:featuredmedia":[{"embeddable":true,"href":"https:\/\/www.meltextruder.com\/ar\/wp-json\/wp\/v2\/media\/1769"}],"wp:attachment":[{"href":"https:\/\/www.meltextruder.com\/ar\/wp-json\/wp\/v2\/media?parent=1798"}],"curies":[{"name":"\u062f\u0628\u0644\u064a\u0648 \u0628\u064a","href":"https:\/\/api.w.org\/{rel}","templated":true}]}}